{"id":403,"date":"2018-04-27T14:40:11","date_gmt":"2018-04-27T14:40:11","guid":{"rendered":"https:\/\/pascoal.pt\/Psc\/?page_id=403"},"modified":"2023-01-31T09:43:50","modified_gmt":"2023-01-31T09:43:50","slug":"contactos","status":"publish","type":"page","link":"https:\/\/pascoal.pt\/Psc\/contactos\/","title":{"rendered":"Onde estamos"},"content":{"rendered":"","protected":false},"excerpt":{"rendered":"","protected":false},"author":1,"featured_media":0,"parent":0,"menu_order":0,"comment_status":"closed","ping_status":"closed","template":"","meta":{"_monsterinsights_skip_tracking":false,"_monsterinsights_sitenote_active":false,"_monsterinsights_sitenote_note":"","_monsterinsights_sitenote_category":0},"yoast_head":"<!-- This site is optimized with the Yoast SEO plugin v20.9 - https:\/\/yoast.com\/wordpress\/plugins\/seo\/ -->\n<title>Contactos Pascoal - Onde estamos<\/title>\n<meta name=\"description\" content=\"Contactos para nos dar a conhecer a sua opini\u00e3o, colocar quest\u00f5es ou qualquer outro assunto. Estamos ao seu dispor atrav\u00e9s de v\u00e1rios canais.\" \/>\n<meta name=\"robots\" content=\"noindex, nofollow\" \/>\n<meta property=\"og:locale\" content=\"pt_PT\" \/>\n<meta property=\"og:type\" content=\"article\" \/>\n<meta property=\"og:title\" content=\"Contactos Pascoal - Onde estamos\" \/>\n<meta property=\"og:description\" content=\"Contactos para nos dar a conhecer a sua opini\u00e3o, colocar quest\u00f5es ou qualquer outro assunto. Estamos ao seu dispor atrav\u00e9s de v\u00e1rios canais.\" \/>\n<meta property=\"og:url\" content=\"https:\/\/pascoal.pt\/Psc\/contactos\/\" \/>\n<meta property=\"og:site_name\" content=\"Pascoal\" \/>\n<meta property=\"article:modified_time\" content=\"2023-01-31T09:43:50+00:00\" \/>\n<meta name=\"twitter:card\" content=\"summary_large_image\" \/>\n<script type=\"application\/ld+json\" class=\"yoast-schema-graph\">{\"@context\":\"https:\/\/schema.org\",\"@graph\":[{\"@type\":\"WebPage\",\"@id\":\"https:\/\/pascoal.pt\/Psc\/contactos\/\",\"url\":\"https:\/\/pascoal.pt\/Psc\/contactos\/\",\"name\":\"Contactos Pascoal - Onde estamos\",\"isPartOf\":{\"@id\":\"http:\/\/pascoal.pt\/Psc\/#website\"},\"datePublished\":\"2018-04-27T14:40:11+00:00\",\"dateModified\":\"2023-01-31T09:43:50+00:00\",\"description\":\"Contactos para nos dar a conhecer a sua opini\u00e3o, colocar quest\u00f5es ou qualquer outro assunto. Estamos ao seu dispor atrav\u00e9s de v\u00e1rios canais.\",\"breadcrumb\":{\"@id\":\"https:\/\/pascoal.pt\/Psc\/contactos\/#breadcrumb\"},\"inLanguage\":\"pt-PT\",\"potentialAction\":[{\"@type\":\"ReadAction\",\"target\":[\"https:\/\/pascoal.pt\/Psc\/contactos\/\"]}]},{\"@type\":\"BreadcrumbList\",\"@id\":\"https:\/\/pascoal.pt\/Psc\/contactos\/#breadcrumb\",\"itemListElement\":[{\"@type\":\"ListItem\",\"position\":1,\"name\":\"In\u00edcio\",\"item\":\"http:\/\/pascoal.pt\/Psc\/\"},{\"@type\":\"ListItem\",\"position\":2,\"name\":\"Onde estamos\"}]},{\"@type\":\"WebSite\",\"@id\":\"http:\/\/pascoal.pt\/Psc\/#website\",\"url\":\"http:\/\/pascoal.pt\/Psc\/\",\"name\":\"Pascoal\",\"description\":\"Bacalhau \u00e9 Pascoal\",\"potentialAction\":[{\"@type\":\"SearchAction\",\"target\":{\"@type\":\"EntryPoint\",\"urlTemplate\":\"http:\/\/pascoal.pt\/Psc\/?s={search_term_string}\"},\"query-input\":\"required name=search_term_string\"}],\"inLanguage\":\"pt-PT\"}]}<\/script>\n<!-- \/ Yoast SEO plugin. -->","yoast_head_json":{"title":"Contactos Pascoal - Onde estamos","description":"Contactos para nos dar a conhecer a sua opini\u00e3o, colocar quest\u00f5es ou qualquer outro assunto. Estamos ao seu dispor atrav\u00e9s de v\u00e1rios canais.","robots":{"index":"noindex","follow":"nofollow"},"og_locale":"pt_PT","og_type":"article","og_title":"Contactos Pascoal - Onde estamos","og_description":"Contactos para nos dar a conhecer a sua opini\u00e3o, colocar quest\u00f5es ou qualquer outro assunto. Estamos ao seu dispor atrav\u00e9s de v\u00e1rios canais.","og_url":"https:\/\/pascoal.pt\/Psc\/contactos\/","og_site_name":"Pascoal","article_modified_time":"2023-01-31T09:43:50+00:00","twitter_card":"summary_large_image","schema":{"@context":"https:\/\/schema.org","@graph":[{"@type":"WebPage","@id":"https:\/\/pascoal.pt\/Psc\/contactos\/","url":"https:\/\/pascoal.pt\/Psc\/contactos\/","name":"Contactos Pascoal - Onde estamos","isPartOf":{"@id":"http:\/\/pascoal.pt\/Psc\/#website"},"datePublished":"2018-04-27T14:40:11+00:00","dateModified":"2023-01-31T09:43:50+00:00","description":"Contactos para nos dar a conhecer a sua opini\u00e3o, colocar quest\u00f5es ou qualquer outro assunto. Estamos ao seu dispor atrav\u00e9s de v\u00e1rios canais.","breadcrumb":{"@id":"https:\/\/pascoal.pt\/Psc\/contactos\/#breadcrumb"},"inLanguage":"pt-PT","potentialAction":[{"@type":"ReadAction","target":["https:\/\/pascoal.pt\/Psc\/contactos\/"]}]},{"@type":"BreadcrumbList","@id":"https:\/\/pascoal.pt\/Psc\/contactos\/#breadcrumb","itemListElement":[{"@type":"ListItem","position":1,"name":"In\u00edcio","item":"http:\/\/pascoal.pt\/Psc\/"},{"@type":"ListItem","position":2,"name":"Onde estamos"}]},{"@type":"WebSite","@id":"http:\/\/pascoal.pt\/Psc\/#website","url":"http:\/\/pascoal.pt\/Psc\/","name":"Pascoal","description":"Bacalhau \u00e9 Pascoal","potentialAction":[{"@type":"SearchAction","target":{"@type":"EntryPoint","urlTemplate":"http:\/\/pascoal.pt\/Psc\/?s={search_term_string}"},"query-input":"required name=search_term_string"}],"inLanguage":"pt-PT"}]}},"_links":{"self":[{"href":"https:\/\/pascoal.pt\/Psc\/wp-json\/wp\/v2\/pages\/403"}],"collection":[{"href":"https:\/\/pascoal.pt\/Psc\/wp-json\/wp\/v2\/pages"}],"about":[{"href":"https:\/\/pascoal.pt\/Psc\/wp-json\/wp\/v2\/types\/page"}],"author":[{"embeddable":true,"href":"https:\/\/pascoal.pt\/Psc\/wp-json\/wp\/v2\/users\/1"}],"replies":[{"embeddable":true,"href":"https:\/\/pascoal.pt\/Psc\/wp-json\/wp\/v2\/comments?post=403"}],"version-history":[{"count":2,"href":"https:\/\/pascoal.pt\/Psc\/wp-json\/wp\/v2\/pages\/403\/revisions"}],"predecessor-version":[{"id":2509,"href":"https:\/\/pascoal.pt\/Psc\/wp-json\/wp\/v2\/pages\/403\/revisions\/2509"}],"wp:attachment":[{"href":"https:\/\/pascoal.pt\/Psc\/wp-json\/wp\/v2\/media?parent=403"}],"curies":[{"name":"wp","href":"https:\/\/api.w.org\/{rel}","templated":true}]}}