{"id":2451,"date":"2022-10-14T15:25:04","date_gmt":"2022-10-14T15:25:04","guid":{"rendered":"https:\/\/pascoal.pt\/Psc\/?page_id=2451"},"modified":"2022-10-14T15:25:47","modified_gmt":"2022-10-14T15:25:47","slug":"acorda-de-camarao","status":"publish","type":"page","link":"https:\/\/pascoal.pt\/Psc\/produtos\/refeicoes-tradicionais-congeladas\/acorda-de-camarao\/","title":{"rendered":"A\u00e7orda de Camar\u00e3o"},"content":{"rendered":"","protected":false},"excerpt":{"rendered":"","protected":false},"author":1,"featured_media":0,"parent":697,"menu_order":0,"comment_status":"closed","ping_status":"closed","template":"","meta":{"_monsterinsights_skip_tracking":false,"_monsterinsights_sitenote_active":false,"_monsterinsights_sitenote_note":"","_monsterinsights_sitenote_category":0},"yoast_head":"<!-- This site is optimized with the Yoast SEO plugin v20.9 - https:\/\/yoast.com\/wordpress\/plugins\/seo\/ -->\n<title>A\u00e7orda de Camar\u00e3o - \u00c9 bom, \u00e9 Pascoal.<\/title>\n<meta name=\"description\" content=\"Uma reconfortante A\u00e7orda de Camar\u00e3o perfeita para qualquer ocasi\u00e3o. Mais uma vez, levamos a tradi\u00e7\u00e3o portuguesa at\u00e9 \u00e0 sua mesa!\" \/>\n<meta name=\"robots\" content=\"index, follow, max-snippet:-1, max-image-preview:large, max-video-preview:-1\" \/>\n<link rel=\"canonical\" href=\"https:\/\/pascoal.pt\/Psc\/produtos\/refeicoes-tradicionais-congeladas\/acorda-de-camarao\/\" \/>\n<meta property=\"og:locale\" content=\"pt_PT\" \/>\n<meta property=\"og:type\" content=\"article\" \/>\n<meta property=\"og:title\" content=\"A\u00e7orda de Camar\u00e3o - \u00c9 bom, \u00e9 Pascoal.\" \/>\n<meta property=\"og:description\" content=\"Uma reconfortante A\u00e7orda de Camar\u00e3o perfeita para qualquer ocasi\u00e3o. Mais uma vez, levamos a tradi\u00e7\u00e3o portuguesa at\u00e9 \u00e0 sua mesa!\" \/>\n<meta property=\"og:url\" content=\"https:\/\/pascoal.pt\/Psc\/produtos\/refeicoes-tradicionais-congeladas\/acorda-de-camarao\/\" \/>\n<meta property=\"og:site_name\" content=\"Pascoal\" \/>\n<meta property=\"article:modified_time\" content=\"2022-10-14T15:25:47+00:00\" \/>\n<meta name=\"twitter:card\" content=\"summary_large_image\" \/>\n<script type=\"application\/ld+json\" class=\"yoast-schema-graph\">{\"@context\":\"https:\/\/schema.org\",\"@graph\":[{\"@type\":\"WebPage\",\"@id\":\"https:\/\/pascoal.pt\/Psc\/produtos\/refeicoes-tradicionais-congeladas\/acorda-de-camarao\/\",\"url\":\"https:\/\/pascoal.pt\/Psc\/produtos\/refeicoes-tradicionais-congeladas\/acorda-de-camarao\/\",\"name\":\"A\u00e7orda de Camar\u00e3o - \u00c9 bom, \u00e9 Pascoal.\",\"isPartOf\":{\"@id\":\"https:\/\/pascoal.pt\/Psc\/#website\"},\"datePublished\":\"2022-10-14T15:25:04+00:00\",\"dateModified\":\"2022-10-14T15:25:47+00:00\",\"description\":\"Uma reconfortante A\u00e7orda de Camar\u00e3o perfeita para qualquer ocasi\u00e3o. Mais uma vez, levamos a tradi\u00e7\u00e3o portuguesa at\u00e9 \u00e0 sua mesa!\",\"breadcrumb\":{\"@id\":\"https:\/\/pascoal.pt\/Psc\/produtos\/refeicoes-tradicionais-congeladas\/acorda-de-camarao\/#breadcrumb\"},\"inLanguage\":\"pt-PT\",\"potentialAction\":[{\"@type\":\"ReadAction\",\"target\":[\"https:\/\/pascoal.pt\/Psc\/produtos\/refeicoes-tradicionais-congeladas\/acorda-de-camarao\/\"]}]},{\"@type\":\"BreadcrumbList\",\"@id\":\"https:\/\/pascoal.pt\/Psc\/produtos\/refeicoes-tradicionais-congeladas\/acorda-de-camarao\/#breadcrumb\",\"itemListElement\":[{\"@type\":\"ListItem\",\"position\":1,\"name\":\"In\u00edcio\",\"item\":\"https:\/\/pascoal.pt\/Psc\/\"},{\"@type\":\"ListItem\",\"position\":2,\"name\":\"Produtos\",\"item\":\"https:\/\/pascoal.pt\/Psc\/produtos\/\"},{\"@type\":\"ListItem\",\"position\":3,\"name\":\"Refei\u00e7\u00f5es\",\"item\":\"https:\/\/pascoal.pt\/Psc\/produtos\/refeicoes-tradicionais-congeladas\/\"},{\"@type\":\"ListItem\",\"position\":4,\"name\":\"A\u00e7orda de Camar\u00e3o\"}]},{\"@type\":\"WebSite\",\"@id\":\"https:\/\/pascoal.pt\/Psc\/#website\",\"url\":\"https:\/\/pascoal.pt\/Psc\/\",\"name\":\"Pascoal\",\"description\":\"Bacalhau \u00e9 Pascoal\",\"potentialAction\":[{\"@type\":\"SearchAction\",\"target\":{\"@type\":\"EntryPoint\",\"urlTemplate\":\"https:\/\/pascoal.pt\/Psc\/?s={search_term_string}\"},\"query-input\":\"required name=search_term_string\"}],\"inLanguage\":\"pt-PT\"}]}<\/script>\n<!-- \/ Yoast SEO plugin. -->","yoast_head_json":{"title":"A\u00e7orda de Camar\u00e3o - \u00c9 bom, \u00e9 Pascoal.","description":"Uma reconfortante A\u00e7orda de Camar\u00e3o perfeita para qualquer ocasi\u00e3o. Mais uma vez, levamos a tradi\u00e7\u00e3o portuguesa at\u00e9 \u00e0 sua mesa!","robots":{"index":"index","follow":"follow","max-snippet":"max-snippet:-1","max-image-preview":"max-image-preview:large","max-video-preview":"max-video-preview:-1"},"canonical":"https:\/\/pascoal.pt\/Psc\/produtos\/refeicoes-tradicionais-congeladas\/acorda-de-camarao\/","og_locale":"pt_PT","og_type":"article","og_title":"A\u00e7orda de Camar\u00e3o - \u00c9 bom, \u00e9 Pascoal.","og_description":"Uma reconfortante A\u00e7orda de Camar\u00e3o perfeita para qualquer ocasi\u00e3o. Mais uma vez, levamos a tradi\u00e7\u00e3o portuguesa at\u00e9 \u00e0 sua mesa!","og_url":"https:\/\/pascoal.pt\/Psc\/produtos\/refeicoes-tradicionais-congeladas\/acorda-de-camarao\/","og_site_name":"Pascoal","article_modified_time":"2022-10-14T15:25:47+00:00","twitter_card":"summary_large_image","schema":{"@context":"https:\/\/schema.org","@graph":[{"@type":"WebPage","@id":"https:\/\/pascoal.pt\/Psc\/produtos\/refeicoes-tradicionais-congeladas\/acorda-de-camarao\/","url":"https:\/\/pascoal.pt\/Psc\/produtos\/refeicoes-tradicionais-congeladas\/acorda-de-camarao\/","name":"A\u00e7orda de Camar\u00e3o - \u00c9 bom, \u00e9 Pascoal.","isPartOf":{"@id":"https:\/\/pascoal.pt\/Psc\/#website"},"datePublished":"2022-10-14T15:25:04+00:00","dateModified":"2022-10-14T15:25:47+00:00","description":"Uma reconfortante A\u00e7orda de Camar\u00e3o perfeita para qualquer ocasi\u00e3o. Mais uma vez, levamos a tradi\u00e7\u00e3o portuguesa at\u00e9 \u00e0 sua mesa!","breadcrumb":{"@id":"https:\/\/pascoal.pt\/Psc\/produtos\/refeicoes-tradicionais-congeladas\/acorda-de-camarao\/#breadcrumb"},"inLanguage":"pt-PT","potentialAction":[{"@type":"ReadAction","target":["https:\/\/pascoal.pt\/Psc\/produtos\/refeicoes-tradicionais-congeladas\/acorda-de-camarao\/"]}]},{"@type":"BreadcrumbList","@id":"https:\/\/pascoal.pt\/Psc\/produtos\/refeicoes-tradicionais-congeladas\/acorda-de-camarao\/#breadcrumb","itemListElement":[{"@type":"ListItem","position":1,"name":"In\u00edcio","item":"https:\/\/pascoal.pt\/Psc\/"},{"@type":"ListItem","position":2,"name":"Produtos","item":"https:\/\/pascoal.pt\/Psc\/produtos\/"},{"@type":"ListItem","position":3,"name":"Refei\u00e7\u00f5es","item":"https:\/\/pascoal.pt\/Psc\/produtos\/refeicoes-tradicionais-congeladas\/"},{"@type":"ListItem","position":4,"name":"A\u00e7orda de Camar\u00e3o"}]},{"@type":"WebSite","@id":"https:\/\/pascoal.pt\/Psc\/#website","url":"https:\/\/pascoal.pt\/Psc\/","name":"Pascoal","description":"Bacalhau \u00e9 Pascoal","potentialAction":[{"@type":"SearchAction","target":{"@type":"EntryPoint","urlTemplate":"https:\/\/pascoal.pt\/Psc\/?s={search_term_string}"},"query-input":"required name=search_term_string"}],"inLanguage":"pt-PT"}]}},"_links":{"self":[{"href":"https:\/\/pascoal.pt\/Psc\/wp-json\/wp\/v2\/pages\/2451"}],"collection":[{"href":"https:\/\/pascoal.pt\/Psc\/wp-json\/wp\/v2\/pages"}],"about":[{"href":"https:\/\/pascoal.pt\/Psc\/wp-json\/wp\/v2\/types\/page"}],"author":[{"embeddable":true,"href":"https:\/\/pascoal.pt\/Psc\/wp-json\/wp\/v2\/users\/1"}],"replies":[{"embeddable":true,"href":"https:\/\/pascoal.pt\/Psc\/wp-json\/wp\/v2\/comments?post=2451"}],"version-history":[{"count":1,"href":"https:\/\/pascoal.pt\/Psc\/wp-json\/wp\/v2\/pages\/2451\/revisions"}],"predecessor-version":[{"id":2453,"href":"https:\/\/pascoal.pt\/Psc\/wp-json\/wp\/v2\/pages\/2451\/revisions\/2453"}],"up":[{"embeddable":true,"href":"https:\/\/pascoal.pt\/Psc\/wp-json\/wp\/v2\/pages\/697"}],"wp:attachment":[{"href":"https:\/\/pascoal.pt\/Psc\/wp-json\/wp\/v2\/media?parent=2451"}],"curies":[{"name":"wp","href":"https:\/\/api.w.org\/{rel}","templated":true}]}}