{"id":2427,"date":"2022-10-14T14:12:21","date_gmt":"2022-10-14T14:12:21","guid":{"rendered":"https:\/\/pascoal.pt\/Psc\/?page_id=2427"},"modified":"2022-10-14T14:13:42","modified_gmt":"2022-10-14T14:13:42","slug":"almondegas-de-carne-com-pure","status":"publish","type":"page","link":"https:\/\/pascoal.pt\/Psc\/produtos\/refeicoes-tradicionais-congeladas\/almondegas-de-carne-com-pure\/","title":{"rendered":"Almondegas de Carne com Pur\u00e9"},"content":{"rendered":"","protected":false},"excerpt":{"rendered":"","protected":false},"author":1,"featured_media":0,"parent":697,"menu_order":0,"comment_status":"closed","ping_status":"closed","template":"","meta":{"_monsterinsights_skip_tracking":false,"_monsterinsights_sitenote_active":false,"_monsterinsights_sitenote_note":"","_monsterinsights_sitenote_category":0},"yoast_head":"<!-- This site is optimized with the Yoast SEO plugin v20.9 - https:\/\/yoast.com\/wordpress\/plugins\/seo\/ -->\n<title>Almondegas de Carne com Pur\u00e9 - \u00c9 bom, \u00e9 Pascoal.<\/title>\n<meta name=\"description\" content=\"Deliciosas almondegas de carne, com um suculento molho e acompanhadas pelo tradicional pur\u00e9 de batata, bastante cremoso e o companheiro perfeito para esta refei\u00e7\u00e3o,\" \/>\n<meta name=\"robots\" content=\"noindex, nofollow\" \/>\n<meta property=\"og:locale\" content=\"pt_PT\" \/>\n<meta property=\"og:type\" content=\"article\" \/>\n<meta property=\"og:title\" content=\"Almondegas de Carne com Pur\u00e9 - \u00c9 bom, \u00e9 Pascoal.\" \/>\n<meta property=\"og:description\" content=\"Deliciosas almondegas de carne, com um suculento molho e acompanhadas pelo tradicional pur\u00e9 de batata, bastante cremoso e o companheiro perfeito para esta refei\u00e7\u00e3o,\" \/>\n<meta property=\"og:url\" content=\"https:\/\/pascoal.pt\/Psc\/produtos\/refeicoes-tradicionais-congeladas\/almondegas-de-carne-com-pure\/\" \/>\n<meta property=\"og:site_name\" content=\"Pascoal\" \/>\n<meta property=\"article:modified_time\" content=\"2022-10-14T14:13:42+00:00\" \/>\n<meta name=\"twitter:card\" content=\"summary_large_image\" \/>\n<script type=\"application\/ld+json\" class=\"yoast-schema-graph\">{\"@context\":\"https:\/\/schema.org\",\"@graph\":[{\"@type\":\"WebPage\",\"@id\":\"https:\/\/pascoal.pt\/Psc\/produtos\/refeicoes-tradicionais-congeladas\/almondegas-de-carne-com-pure\/\",\"url\":\"https:\/\/pascoal.pt\/Psc\/produtos\/refeicoes-tradicionais-congeladas\/almondegas-de-carne-com-pure\/\",\"name\":\"Almondegas de Carne com Pur\u00e9 - \u00c9 bom, \u00e9 Pascoal.\",\"isPartOf\":{\"@id\":\"http:\/\/pascoal.pt\/Psc\/#website\"},\"datePublished\":\"2022-10-14T14:12:21+00:00\",\"dateModified\":\"2022-10-14T14:13:42+00:00\",\"description\":\"Deliciosas almondegas de carne, com um suculento molho e acompanhadas pelo tradicional pur\u00e9 de batata, bastante cremoso e o companheiro perfeito para esta refei\u00e7\u00e3o,\",\"breadcrumb\":{\"@id\":\"https:\/\/pascoal.pt\/Psc\/produtos\/refeicoes-tradicionais-congeladas\/almondegas-de-carne-com-pure\/#breadcrumb\"},\"inLanguage\":\"pt-PT\",\"potentialAction\":[{\"@type\":\"ReadAction\",\"target\":[\"https:\/\/pascoal.pt\/Psc\/produtos\/refeicoes-tradicionais-congeladas\/almondegas-de-carne-com-pure\/\"]}]},{\"@type\":\"BreadcrumbList\",\"@id\":\"https:\/\/pascoal.pt\/Psc\/produtos\/refeicoes-tradicionais-congeladas\/almondegas-de-carne-com-pure\/#breadcrumb\",\"itemListElement\":[{\"@type\":\"ListItem\",\"position\":1,\"name\":\"In\u00edcio\",\"item\":\"http:\/\/pascoal.pt\/Psc\/\"},{\"@type\":\"ListItem\",\"position\":2,\"name\":\"Produtos\",\"item\":\"http:\/\/pascoal.pt\/Psc\/produtos\/\"},{\"@type\":\"ListItem\",\"position\":3,\"name\":\"Refei\u00e7\u00f5es\",\"item\":\"http:\/\/pascoal.pt\/Psc\/produtos\/refeicoes-tradicionais-congeladas\/\"},{\"@type\":\"ListItem\",\"position\":4,\"name\":\"Almondegas de Carne com Pur\u00e9\"}]},{\"@type\":\"WebSite\",\"@id\":\"http:\/\/pascoal.pt\/Psc\/#website\",\"url\":\"http:\/\/pascoal.pt\/Psc\/\",\"name\":\"Pascoal\",\"description\":\"Bacalhau \u00e9 Pascoal\",\"potentialAction\":[{\"@type\":\"SearchAction\",\"target\":{\"@type\":\"EntryPoint\",\"urlTemplate\":\"http:\/\/pascoal.pt\/Psc\/?s={search_term_string}\"},\"query-input\":\"required name=search_term_string\"}],\"inLanguage\":\"pt-PT\"}]}<\/script>\n<!-- \/ Yoast SEO plugin. -->","yoast_head_json":{"title":"Almondegas de Carne com Pur\u00e9 - \u00c9 bom, \u00e9 Pascoal.","description":"Deliciosas almondegas de carne, com um suculento molho e acompanhadas pelo tradicional pur\u00e9 de batata, bastante cremoso e o companheiro perfeito para esta refei\u00e7\u00e3o,","robots":{"index":"noindex","follow":"nofollow"},"og_locale":"pt_PT","og_type":"article","og_title":"Almondegas de Carne com Pur\u00e9 - \u00c9 bom, \u00e9 Pascoal.","og_description":"Deliciosas almondegas de carne, com um suculento molho e acompanhadas pelo tradicional pur\u00e9 de batata, bastante cremoso e o companheiro perfeito para esta refei\u00e7\u00e3o,","og_url":"https:\/\/pascoal.pt\/Psc\/produtos\/refeicoes-tradicionais-congeladas\/almondegas-de-carne-com-pure\/","og_site_name":"Pascoal","article_modified_time":"2022-10-14T14:13:42+00:00","twitter_card":"summary_large_image","schema":{"@context":"https:\/\/schema.org","@graph":[{"@type":"WebPage","@id":"https:\/\/pascoal.pt\/Psc\/produtos\/refeicoes-tradicionais-congeladas\/almondegas-de-carne-com-pure\/","url":"https:\/\/pascoal.pt\/Psc\/produtos\/refeicoes-tradicionais-congeladas\/almondegas-de-carne-com-pure\/","name":"Almondegas de Carne com Pur\u00e9 - \u00c9 bom, \u00e9 Pascoal.","isPartOf":{"@id":"http:\/\/pascoal.pt\/Psc\/#website"},"datePublished":"2022-10-14T14:12:21+00:00","dateModified":"2022-10-14T14:13:42+00:00","description":"Deliciosas almondegas de carne, com um suculento molho e acompanhadas pelo tradicional pur\u00e9 de batata, bastante cremoso e o companheiro perfeito para esta refei\u00e7\u00e3o,","breadcrumb":{"@id":"https:\/\/pascoal.pt\/Psc\/produtos\/refeicoes-tradicionais-congeladas\/almondegas-de-carne-com-pure\/#breadcrumb"},"inLanguage":"pt-PT","potentialAction":[{"@type":"ReadAction","target":["https:\/\/pascoal.pt\/Psc\/produtos\/refeicoes-tradicionais-congeladas\/almondegas-de-carne-com-pure\/"]}]},{"@type":"BreadcrumbList","@id":"https:\/\/pascoal.pt\/Psc\/produtos\/refeicoes-tradicionais-congeladas\/almondegas-de-carne-com-pure\/#breadcrumb","itemListElement":[{"@type":"ListItem","position":1,"name":"In\u00edcio","item":"http:\/\/pascoal.pt\/Psc\/"},{"@type":"ListItem","position":2,"name":"Produtos","item":"http:\/\/pascoal.pt\/Psc\/produtos\/"},{"@type":"ListItem","position":3,"name":"Refei\u00e7\u00f5es","item":"http:\/\/pascoal.pt\/Psc\/produtos\/refeicoes-tradicionais-congeladas\/"},{"@type":"ListItem","position":4,"name":"Almondegas de Carne com Pur\u00e9"}]},{"@type":"WebSite","@id":"http:\/\/pascoal.pt\/Psc\/#website","url":"http:\/\/pascoal.pt\/Psc\/","name":"Pascoal","description":"Bacalhau \u00e9 Pascoal","potentialAction":[{"@type":"SearchAction","target":{"@type":"EntryPoint","urlTemplate":"http:\/\/pascoal.pt\/Psc\/?s={search_term_string}"},"query-input":"required name=search_term_string"}],"inLanguage":"pt-PT"}]}},"_links":{"self":[{"href":"https:\/\/pascoal.pt\/Psc\/wp-json\/wp\/v2\/pages\/2427"}],"collection":[{"href":"https:\/\/pascoal.pt\/Psc\/wp-json\/wp\/v2\/pages"}],"about":[{"href":"https:\/\/pascoal.pt\/Psc\/wp-json\/wp\/v2\/types\/page"}],"author":[{"embeddable":true,"href":"https:\/\/pascoal.pt\/Psc\/wp-json\/wp\/v2\/users\/1"}],"replies":[{"embeddable":true,"href":"https:\/\/pascoal.pt\/Psc\/wp-json\/wp\/v2\/comments?post=2427"}],"version-history":[{"count":1,"href":"https:\/\/pascoal.pt\/Psc\/wp-json\/wp\/v2\/pages\/2427\/revisions"}],"predecessor-version":[{"id":2444,"href":"https:\/\/pascoal.pt\/Psc\/wp-json\/wp\/v2\/pages\/2427\/revisions\/2444"}],"up":[{"embeddable":true,"href":"https:\/\/pascoal.pt\/Psc\/wp-json\/wp\/v2\/pages\/697"}],"wp:attachment":[{"href":"https:\/\/pascoal.pt\/Psc\/wp-json\/wp\/v2\/media?parent=2427"}],"curies":[{"name":"wp","href":"https:\/\/api.w.org\/{rel}","templated":true}]}}