{"id":2421,"date":"2022-10-12T14:16:05","date_gmt":"2022-10-12T14:16:05","guid":{"rendered":"http:\/\/pascoal.pt\/Psc\/?page_id=2421"},"modified":"2022-10-14T13:57:51","modified_gmt":"2022-10-14T13:57:51","slug":"caril-de-frango-com-ananas-e-arroz-basmati","status":"publish","type":"page","link":"https:\/\/pascoal.pt\/Psc\/produtos\/refeicoes-tradicionais-congeladas\/caril-de-frango-com-ananas-e-arroz-basmati\/","title":{"rendered":"Caril de Frango com Anan\u00e1s e Arroz Basmati"},"content":{"rendered":"","protected":false},"excerpt":{"rendered":"","protected":false},"author":1,"featured_media":0,"parent":697,"menu_order":0,"comment_status":"closed","ping_status":"closed","template":"","meta":{"_monsterinsights_skip_tracking":false,"_monsterinsights_sitenote_active":false,"_monsterinsights_sitenote_note":"","_monsterinsights_sitenote_category":0},"yoast_head":"<!-- This site is optimized with the Yoast SEO plugin v20.9 - https:\/\/yoast.com\/wordpress\/plugins\/seo\/ -->\n<title>Caril de Frango com Anan\u00e1s e Arroz Basmati - \u00c9 bom, \u00e9 Pascoal.<\/title>\n<meta name=\"description\" content=\"Um Caril de Frango delicioso, com um toque fresco dado pelo anan\u00e1s. O arroz Basmati, sempre solto e arom\u00e1tico, \u00e9 o acompanhamento perfeito para este prato e n\u00e3o pod\u00edamos deixar de o trazer at\u00e9 si.\" \/>\n<meta name=\"robots\" content=\"noindex, nofollow\" \/>\n<meta property=\"og:locale\" content=\"pt_PT\" \/>\n<meta property=\"og:type\" content=\"article\" \/>\n<meta property=\"og:title\" content=\"Caril de Frango com Anan\u00e1s e Arroz Basmati - \u00c9 bom, \u00e9 Pascoal.\" \/>\n<meta property=\"og:description\" content=\"Um Caril de Frango delicioso, com um toque fresco dado pelo anan\u00e1s. O arroz Basmati, sempre solto e arom\u00e1tico, \u00e9 o acompanhamento perfeito para este prato e n\u00e3o pod\u00edamos deixar de o trazer at\u00e9 si.\" \/>\n<meta property=\"og:url\" content=\"https:\/\/pascoal.pt\/Psc\/produtos\/refeicoes-tradicionais-congeladas\/caril-de-frango-com-ananas-e-arroz-basmati\/\" \/>\n<meta property=\"og:site_name\" content=\"Pascoal\" \/>\n<meta property=\"article:modified_time\" content=\"2022-10-14T13:57:51+00:00\" \/>\n<meta name=\"twitter:card\" content=\"summary_large_image\" \/>\n<script type=\"application\/ld+json\" class=\"yoast-schema-graph\">{\"@context\":\"https:\/\/schema.org\",\"@graph\":[{\"@type\":\"WebPage\",\"@id\":\"https:\/\/pascoal.pt\/Psc\/produtos\/refeicoes-tradicionais-congeladas\/caril-de-frango-com-ananas-e-arroz-basmati\/\",\"url\":\"https:\/\/pascoal.pt\/Psc\/produtos\/refeicoes-tradicionais-congeladas\/caril-de-frango-com-ananas-e-arroz-basmati\/\",\"name\":\"Caril de Frango com Anan\u00e1s e Arroz Basmati - \u00c9 bom, \u00e9 Pascoal.\",\"isPartOf\":{\"@id\":\"http:\/\/pascoal.pt\/Psc\/#website\"},\"datePublished\":\"2022-10-12T14:16:05+00:00\",\"dateModified\":\"2022-10-14T13:57:51+00:00\",\"description\":\"Um Caril de Frango delicioso, com um toque fresco dado pelo anan\u00e1s. O arroz Basmati, sempre solto e arom\u00e1tico, \u00e9 o acompanhamento perfeito para este prato e n\u00e3o pod\u00edamos deixar de o trazer at\u00e9 si.\",\"breadcrumb\":{\"@id\":\"https:\/\/pascoal.pt\/Psc\/produtos\/refeicoes-tradicionais-congeladas\/caril-de-frango-com-ananas-e-arroz-basmati\/#breadcrumb\"},\"inLanguage\":\"pt-PT\",\"potentialAction\":[{\"@type\":\"ReadAction\",\"target\":[\"https:\/\/pascoal.pt\/Psc\/produtos\/refeicoes-tradicionais-congeladas\/caril-de-frango-com-ananas-e-arroz-basmati\/\"]}]},{\"@type\":\"BreadcrumbList\",\"@id\":\"https:\/\/pascoal.pt\/Psc\/produtos\/refeicoes-tradicionais-congeladas\/caril-de-frango-com-ananas-e-arroz-basmati\/#breadcrumb\",\"itemListElement\":[{\"@type\":\"ListItem\",\"position\":1,\"name\":\"In\u00edcio\",\"item\":\"http:\/\/pascoal.pt\/Psc\/\"},{\"@type\":\"ListItem\",\"position\":2,\"name\":\"Produtos\",\"item\":\"http:\/\/pascoal.pt\/Psc\/produtos\/\"},{\"@type\":\"ListItem\",\"position\":3,\"name\":\"Refei\u00e7\u00f5es\",\"item\":\"http:\/\/pascoal.pt\/Psc\/produtos\/refeicoes-tradicionais-congeladas\/\"},{\"@type\":\"ListItem\",\"position\":4,\"name\":\"Caril de Frango com Anan\u00e1s e Arroz Basmati\"}]},{\"@type\":\"WebSite\",\"@id\":\"http:\/\/pascoal.pt\/Psc\/#website\",\"url\":\"http:\/\/pascoal.pt\/Psc\/\",\"name\":\"Pascoal\",\"description\":\"Bacalhau \u00e9 Pascoal\",\"potentialAction\":[{\"@type\":\"SearchAction\",\"target\":{\"@type\":\"EntryPoint\",\"urlTemplate\":\"http:\/\/pascoal.pt\/Psc\/?s={search_term_string}\"},\"query-input\":\"required name=search_term_string\"}],\"inLanguage\":\"pt-PT\"}]}<\/script>\n<!-- \/ Yoast SEO plugin. -->","yoast_head_json":{"title":"Caril de Frango com Anan\u00e1s e Arroz Basmati - \u00c9 bom, \u00e9 Pascoal.","description":"Um Caril de Frango delicioso, com um toque fresco dado pelo anan\u00e1s. O arroz Basmati, sempre solto e arom\u00e1tico, \u00e9 o acompanhamento perfeito para este prato e n\u00e3o pod\u00edamos deixar de o trazer at\u00e9 si.","robots":{"index":"noindex","follow":"nofollow"},"og_locale":"pt_PT","og_type":"article","og_title":"Caril de Frango com Anan\u00e1s e Arroz Basmati - \u00c9 bom, \u00e9 Pascoal.","og_description":"Um Caril de Frango delicioso, com um toque fresco dado pelo anan\u00e1s. O arroz Basmati, sempre solto e arom\u00e1tico, \u00e9 o acompanhamento perfeito para este prato e n\u00e3o pod\u00edamos deixar de o trazer at\u00e9 si.","og_url":"https:\/\/pascoal.pt\/Psc\/produtos\/refeicoes-tradicionais-congeladas\/caril-de-frango-com-ananas-e-arroz-basmati\/","og_site_name":"Pascoal","article_modified_time":"2022-10-14T13:57:51+00:00","twitter_card":"summary_large_image","schema":{"@context":"https:\/\/schema.org","@graph":[{"@type":"WebPage","@id":"https:\/\/pascoal.pt\/Psc\/produtos\/refeicoes-tradicionais-congeladas\/caril-de-frango-com-ananas-e-arroz-basmati\/","url":"https:\/\/pascoal.pt\/Psc\/produtos\/refeicoes-tradicionais-congeladas\/caril-de-frango-com-ananas-e-arroz-basmati\/","name":"Caril de Frango com Anan\u00e1s e Arroz Basmati - \u00c9 bom, \u00e9 Pascoal.","isPartOf":{"@id":"http:\/\/pascoal.pt\/Psc\/#website"},"datePublished":"2022-10-12T14:16:05+00:00","dateModified":"2022-10-14T13:57:51+00:00","description":"Um Caril de Frango delicioso, com um toque fresco dado pelo anan\u00e1s. O arroz Basmati, sempre solto e arom\u00e1tico, \u00e9 o acompanhamento perfeito para este prato e n\u00e3o pod\u00edamos deixar de o trazer at\u00e9 si.","breadcrumb":{"@id":"https:\/\/pascoal.pt\/Psc\/produtos\/refeicoes-tradicionais-congeladas\/caril-de-frango-com-ananas-e-arroz-basmati\/#breadcrumb"},"inLanguage":"pt-PT","potentialAction":[{"@type":"ReadAction","target":["https:\/\/pascoal.pt\/Psc\/produtos\/refeicoes-tradicionais-congeladas\/caril-de-frango-com-ananas-e-arroz-basmati\/"]}]},{"@type":"BreadcrumbList","@id":"https:\/\/pascoal.pt\/Psc\/produtos\/refeicoes-tradicionais-congeladas\/caril-de-frango-com-ananas-e-arroz-basmati\/#breadcrumb","itemListElement":[{"@type":"ListItem","position":1,"name":"In\u00edcio","item":"http:\/\/pascoal.pt\/Psc\/"},{"@type":"ListItem","position":2,"name":"Produtos","item":"http:\/\/pascoal.pt\/Psc\/produtos\/"},{"@type":"ListItem","position":3,"name":"Refei\u00e7\u00f5es","item":"http:\/\/pascoal.pt\/Psc\/produtos\/refeicoes-tradicionais-congeladas\/"},{"@type":"ListItem","position":4,"name":"Caril de Frango com Anan\u00e1s e Arroz Basmati"}]},{"@type":"WebSite","@id":"http:\/\/pascoal.pt\/Psc\/#website","url":"http:\/\/pascoal.pt\/Psc\/","name":"Pascoal","description":"Bacalhau \u00e9 Pascoal","potentialAction":[{"@type":"SearchAction","target":{"@type":"EntryPoint","urlTemplate":"http:\/\/pascoal.pt\/Psc\/?s={search_term_string}"},"query-input":"required name=search_term_string"}],"inLanguage":"pt-PT"}]}},"_links":{"self":[{"href":"https:\/\/pascoal.pt\/Psc\/wp-json\/wp\/v2\/pages\/2421"}],"collection":[{"href":"https:\/\/pascoal.pt\/Psc\/wp-json\/wp\/v2\/pages"}],"about":[{"href":"https:\/\/pascoal.pt\/Psc\/wp-json\/wp\/v2\/types\/page"}],"author":[{"embeddable":true,"href":"https:\/\/pascoal.pt\/Psc\/wp-json\/wp\/v2\/users\/1"}],"replies":[{"embeddable":true,"href":"https:\/\/pascoal.pt\/Psc\/wp-json\/wp\/v2\/comments?post=2421"}],"version-history":[{"count":1,"href":"https:\/\/pascoal.pt\/Psc\/wp-json\/wp\/v2\/pages\/2421\/revisions"}],"predecessor-version":[{"id":2423,"href":"https:\/\/pascoal.pt\/Psc\/wp-json\/wp\/v2\/pages\/2421\/revisions\/2423"}],"up":[{"embeddable":true,"href":"https:\/\/pascoal.pt\/Psc\/wp-json\/wp\/v2\/pages\/697"}],"wp:attachment":[{"href":"https:\/\/pascoal.pt\/Psc\/wp-json\/wp\/v2\/media?parent=2421"}],"curies":[{"name":"wp","href":"https:\/\/api.w.org\/{rel}","templated":true}]}}