{"id":2334,"date":"2022-04-20T14:46:48","date_gmt":"2022-04-20T14:46:48","guid":{"rendered":"https:\/\/pascoal.pt\/Psc\/?page_id=2334"},"modified":"2022-04-20T14:50:05","modified_gmt":"2022-04-20T14:50:05","slug":"lombos-de-bacalhau-da-islandia-demolhado-e-ultracongelado-550g","status":"publish","type":"page","link":"https:\/\/pascoal.pt\/Psc\/produtos\/bacalhau-demolhado-ultracongelado\/lombos-de-bacalhau-da-islandia-demolhado-e-ultracongelado-550g\/","title":{"rendered":"Lombos de Bacalhau da Isl\u00e2ndia Demolhado e Ultracongelado 550g"},"content":{"rendered":"","protected":false},"excerpt":{"rendered":"","protected":false},"author":1,"featured_media":0,"parent":720,"menu_order":0,"comment_status":"closed","ping_status":"closed","template":"","meta":{"_monsterinsights_skip_tracking":false,"_monsterinsights_sitenote_active":false,"_monsterinsights_sitenote_note":"","_monsterinsights_sitenote_category":0},"yoast_head":"<!-- This site is optimized with the Yoast SEO plugin v20.9 - https:\/\/yoast.com\/wordpress\/plugins\/seo\/ -->\n<title>Lombos de Bacalhau Demolhado e Ultracongelado - Bacalhau \u00e9 Pascoal<\/title>\n<meta name=\"description\" content=\"Os Lombos de Bacalhau Demolhado e Ultracongelado Pascoal s\u00e3o produzidos com o melhor bacalhau, para levar at\u00e9 \u00e0 sua mesa todo o sabor e tradi\u00e7\u00e3o.\" \/>\n<meta name=\"robots\" content=\"noindex, nofollow\" \/>\n<meta property=\"og:locale\" content=\"pt_PT\" \/>\n<meta property=\"og:type\" content=\"article\" \/>\n<meta property=\"og:title\" content=\"Lombos de Bacalhau Demolhado e Ultracongelado - Bacalhau \u00e9 Pascoal\" \/>\n<meta property=\"og:description\" content=\"Os Lombos de Bacalhau Demolhado e Ultracongelado Pascoal s\u00e3o produzidos com o melhor bacalhau, para levar at\u00e9 \u00e0 sua mesa todo o sabor e tradi\u00e7\u00e3o.\" \/>\n<meta property=\"og:url\" content=\"https:\/\/pascoal.pt\/Psc\/produtos\/bacalhau-demolhado-ultracongelado\/lombos-de-bacalhau-da-islandia-demolhado-e-ultracongelado-550g\/\" \/>\n<meta property=\"og:site_name\" content=\"Pascoal\" \/>\n<meta property=\"article:modified_time\" content=\"2022-04-20T14:50:05+00:00\" \/>\n<meta name=\"twitter:card\" content=\"summary_large_image\" \/>\n<script type=\"application\/ld+json\" class=\"yoast-schema-graph\">{\"@context\":\"https:\/\/schema.org\",\"@graph\":[{\"@type\":\"WebPage\",\"@id\":\"https:\/\/pascoal.pt\/Psc\/produtos\/bacalhau-demolhado-ultracongelado\/lombos-de-bacalhau-da-islandia-demolhado-e-ultracongelado-550g\/\",\"url\":\"https:\/\/pascoal.pt\/Psc\/produtos\/bacalhau-demolhado-ultracongelado\/lombos-de-bacalhau-da-islandia-demolhado-e-ultracongelado-550g\/\",\"name\":\"Lombos de Bacalhau Demolhado e Ultracongelado - Bacalhau \u00e9 Pascoal\",\"isPartOf\":{\"@id\":\"https:\/\/pascoal.pt\/Psc\/#website\"},\"datePublished\":\"2022-04-20T14:46:48+00:00\",\"dateModified\":\"2022-04-20T14:50:05+00:00\",\"description\":\"Os Lombos de Bacalhau Demolhado e Ultracongelado Pascoal s\u00e3o produzidos com o melhor bacalhau, para levar at\u00e9 \u00e0 sua mesa todo o sabor e tradi\u00e7\u00e3o.\",\"breadcrumb\":{\"@id\":\"https:\/\/pascoal.pt\/Psc\/produtos\/bacalhau-demolhado-ultracongelado\/lombos-de-bacalhau-da-islandia-demolhado-e-ultracongelado-550g\/#breadcrumb\"},\"inLanguage\":\"pt-PT\",\"potentialAction\":[{\"@type\":\"ReadAction\",\"target\":[\"https:\/\/pascoal.pt\/Psc\/produtos\/bacalhau-demolhado-ultracongelado\/lombos-de-bacalhau-da-islandia-demolhado-e-ultracongelado-550g\/\"]}]},{\"@type\":\"BreadcrumbList\",\"@id\":\"https:\/\/pascoal.pt\/Psc\/produtos\/bacalhau-demolhado-ultracongelado\/lombos-de-bacalhau-da-islandia-demolhado-e-ultracongelado-550g\/#breadcrumb\",\"itemListElement\":[{\"@type\":\"ListItem\",\"position\":1,\"name\":\"In\u00edcio\",\"item\":\"https:\/\/pascoal.pt\/Psc\/\"},{\"@type\":\"ListItem\",\"position\":2,\"name\":\"Produtos\",\"item\":\"https:\/\/pascoal.pt\/Psc\/produtos\/\"},{\"@type\":\"ListItem\",\"position\":3,\"name\":\"Bacalhau Demolhado Ultracongelado\",\"item\":\"https:\/\/pascoal.pt\/Psc\/produtos\/bacalhau-demolhado-ultracongelado\/\"},{\"@type\":\"ListItem\",\"position\":4,\"name\":\"Lombos de Bacalhau da Isl\u00e2ndia Demolhado e Ultracongelado 550g\"}]},{\"@type\":\"WebSite\",\"@id\":\"https:\/\/pascoal.pt\/Psc\/#website\",\"url\":\"https:\/\/pascoal.pt\/Psc\/\",\"name\":\"Pascoal\",\"description\":\"Bacalhau \u00e9 Pascoal\",\"potentialAction\":[{\"@type\":\"SearchAction\",\"target\":{\"@type\":\"EntryPoint\",\"urlTemplate\":\"https:\/\/pascoal.pt\/Psc\/?s={search_term_string}\"},\"query-input\":\"required name=search_term_string\"}],\"inLanguage\":\"pt-PT\"}]}<\/script>\n<!-- \/ Yoast SEO plugin. -->","yoast_head_json":{"title":"Lombos de Bacalhau Demolhado e Ultracongelado - Bacalhau \u00e9 Pascoal","description":"Os Lombos de Bacalhau Demolhado e Ultracongelado Pascoal s\u00e3o produzidos com o melhor bacalhau, para levar at\u00e9 \u00e0 sua mesa todo o sabor e tradi\u00e7\u00e3o.","robots":{"index":"noindex","follow":"nofollow"},"og_locale":"pt_PT","og_type":"article","og_title":"Lombos de Bacalhau Demolhado e Ultracongelado - Bacalhau \u00e9 Pascoal","og_description":"Os Lombos de Bacalhau Demolhado e Ultracongelado Pascoal s\u00e3o produzidos com o melhor bacalhau, para levar at\u00e9 \u00e0 sua mesa todo o sabor e tradi\u00e7\u00e3o.","og_url":"https:\/\/pascoal.pt\/Psc\/produtos\/bacalhau-demolhado-ultracongelado\/lombos-de-bacalhau-da-islandia-demolhado-e-ultracongelado-550g\/","og_site_name":"Pascoal","article_modified_time":"2022-04-20T14:50:05+00:00","twitter_card":"summary_large_image","schema":{"@context":"https:\/\/schema.org","@graph":[{"@type":"WebPage","@id":"https:\/\/pascoal.pt\/Psc\/produtos\/bacalhau-demolhado-ultracongelado\/lombos-de-bacalhau-da-islandia-demolhado-e-ultracongelado-550g\/","url":"https:\/\/pascoal.pt\/Psc\/produtos\/bacalhau-demolhado-ultracongelado\/lombos-de-bacalhau-da-islandia-demolhado-e-ultracongelado-550g\/","name":"Lombos de Bacalhau Demolhado e Ultracongelado - Bacalhau \u00e9 Pascoal","isPartOf":{"@id":"https:\/\/pascoal.pt\/Psc\/#website"},"datePublished":"2022-04-20T14:46:48+00:00","dateModified":"2022-04-20T14:50:05+00:00","description":"Os Lombos de Bacalhau Demolhado e Ultracongelado Pascoal s\u00e3o produzidos com o melhor bacalhau, para levar at\u00e9 \u00e0 sua mesa todo o sabor e tradi\u00e7\u00e3o.","breadcrumb":{"@id":"https:\/\/pascoal.pt\/Psc\/produtos\/bacalhau-demolhado-ultracongelado\/lombos-de-bacalhau-da-islandia-demolhado-e-ultracongelado-550g\/#breadcrumb"},"inLanguage":"pt-PT","potentialAction":[{"@type":"ReadAction","target":["https:\/\/pascoal.pt\/Psc\/produtos\/bacalhau-demolhado-ultracongelado\/lombos-de-bacalhau-da-islandia-demolhado-e-ultracongelado-550g\/"]}]},{"@type":"BreadcrumbList","@id":"https:\/\/pascoal.pt\/Psc\/produtos\/bacalhau-demolhado-ultracongelado\/lombos-de-bacalhau-da-islandia-demolhado-e-ultracongelado-550g\/#breadcrumb","itemListElement":[{"@type":"ListItem","position":1,"name":"In\u00edcio","item":"https:\/\/pascoal.pt\/Psc\/"},{"@type":"ListItem","position":2,"name":"Produtos","item":"https:\/\/pascoal.pt\/Psc\/produtos\/"},{"@type":"ListItem","position":3,"name":"Bacalhau Demolhado Ultracongelado","item":"https:\/\/pascoal.pt\/Psc\/produtos\/bacalhau-demolhado-ultracongelado\/"},{"@type":"ListItem","position":4,"name":"Lombos de Bacalhau da Isl\u00e2ndia Demolhado e Ultracongelado 550g"}]},{"@type":"WebSite","@id":"https:\/\/pascoal.pt\/Psc\/#website","url":"https:\/\/pascoal.pt\/Psc\/","name":"Pascoal","description":"Bacalhau \u00e9 Pascoal","potentialAction":[{"@type":"SearchAction","target":{"@type":"EntryPoint","urlTemplate":"https:\/\/pascoal.pt\/Psc\/?s={search_term_string}"},"query-input":"required name=search_term_string"}],"inLanguage":"pt-PT"}]}},"_links":{"self":[{"href":"https:\/\/pascoal.pt\/Psc\/wp-json\/wp\/v2\/pages\/2334"}],"collection":[{"href":"https:\/\/pascoal.pt\/Psc\/wp-json\/wp\/v2\/pages"}],"about":[{"href":"https:\/\/pascoal.pt\/Psc\/wp-json\/wp\/v2\/types\/page"}],"author":[{"embeddable":true,"href":"https:\/\/pascoal.pt\/Psc\/wp-json\/wp\/v2\/users\/1"}],"replies":[{"embeddable":true,"href":"https:\/\/pascoal.pt\/Psc\/wp-json\/wp\/v2\/comments?post=2334"}],"version-history":[{"count":1,"href":"https:\/\/pascoal.pt\/Psc\/wp-json\/wp\/v2\/pages\/2334\/revisions"}],"predecessor-version":[{"id":2336,"href":"https:\/\/pascoal.pt\/Psc\/wp-json\/wp\/v2\/pages\/2334\/revisions\/2336"}],"up":[{"embeddable":true,"href":"https:\/\/pascoal.pt\/Psc\/wp-json\/wp\/v2\/pages\/720"}],"wp:attachment":[{"href":"https:\/\/pascoal.pt\/Psc\/wp-json\/wp\/v2\/media?parent=2334"}],"curies":[{"name":"wp","href":"https:\/\/api.w.org\/{rel}","templated":true}]}}