{"id":2301,"date":"2022-03-14T09:50:10","date_gmt":"2022-03-14T09:50:10","guid":{"rendered":"https:\/\/pascoal.pt\/Psc\/?page_id=2301"},"modified":"2022-03-14T09:54:06","modified_gmt":"2022-03-14T09:54:06","slug":"lombos-tradicionais","status":"publish","type":"page","link":"https:\/\/pascoal.pt\/Psc\/bacalhau-salgado-seco\/lombos-tradicionais\/","title":{"rendered":"Lombos Tradicionais"},"content":{"rendered":"","protected":false},"excerpt":{"rendered":"","protected":false},"author":1,"featured_media":0,"parent":572,"menu_order":0,"comment_status":"closed","ping_status":"closed","template":"","meta":{"_monsterinsights_skip_tracking":false,"_monsterinsights_sitenote_active":false,"_monsterinsights_sitenote_note":"","_monsterinsights_sitenote_category":0},"yoast_head":"<!-- This site is optimized with the Yoast SEO plugin v20.9 - https:\/\/yoast.com\/wordpress\/plugins\/seo\/ -->\n<title>Lombos Tradicionais de Bacalhau - Bacalhau \u00e9 Pascoal<\/title>\n<meta name=\"description\" content=\"Os Lombos Tradicionais de Bacalhau Pascoal s\u00e3o produzidos com o melhor bacalhau, para levar \u00e0 sua mesa uma iguaria tradicional plena de sabor.\" \/>\n<meta name=\"robots\" content=\"noindex, nofollow\" \/>\n<meta property=\"og:locale\" content=\"pt_PT\" \/>\n<meta property=\"og:type\" content=\"article\" \/>\n<meta property=\"og:title\" content=\"Lombos Tradicionais de Bacalhau - Bacalhau \u00e9 Pascoal\" \/>\n<meta property=\"og:description\" content=\"Os Lombos Tradicionais de Bacalhau Pascoal s\u00e3o produzidos com o melhor bacalhau, para levar \u00e0 sua mesa uma iguaria tradicional plena de sabor.\" \/>\n<meta property=\"og:url\" content=\"https:\/\/pascoal.pt\/Psc\/bacalhau-salgado-seco\/lombos-tradicionais\/\" \/>\n<meta property=\"og:site_name\" content=\"Pascoal\" \/>\n<meta property=\"article:modified_time\" content=\"2022-03-14T09:54:06+00:00\" \/>\n<meta name=\"twitter:card\" content=\"summary_large_image\" \/>\n<script type=\"application\/ld+json\" class=\"yoast-schema-graph\">{\"@context\":\"https:\/\/schema.org\",\"@graph\":[{\"@type\":\"WebPage\",\"@id\":\"https:\/\/pascoal.pt\/Psc\/bacalhau-salgado-seco\/lombos-tradicionais\/\",\"url\":\"https:\/\/pascoal.pt\/Psc\/bacalhau-salgado-seco\/lombos-tradicionais\/\",\"name\":\"Lombos Tradicionais de Bacalhau - Bacalhau \u00e9 Pascoal\",\"isPartOf\":{\"@id\":\"https:\/\/pascoal.pt\/Psc\/#website\"},\"datePublished\":\"2022-03-14T09:50:10+00:00\",\"dateModified\":\"2022-03-14T09:54:06+00:00\",\"description\":\"Os Lombos Tradicionais de Bacalhau Pascoal s\u00e3o produzidos com o melhor bacalhau, para levar \u00e0 sua mesa uma iguaria tradicional plena de sabor.\",\"breadcrumb\":{\"@id\":\"https:\/\/pascoal.pt\/Psc\/bacalhau-salgado-seco\/lombos-tradicionais\/#breadcrumb\"},\"inLanguage\":\"pt-PT\",\"potentialAction\":[{\"@type\":\"ReadAction\",\"target\":[\"https:\/\/pascoal.pt\/Psc\/bacalhau-salgado-seco\/lombos-tradicionais\/\"]}]},{\"@type\":\"BreadcrumbList\",\"@id\":\"https:\/\/pascoal.pt\/Psc\/bacalhau-salgado-seco\/lombos-tradicionais\/#breadcrumb\",\"itemListElement\":[{\"@type\":\"ListItem\",\"position\":1,\"name\":\"In\u00edcio\",\"item\":\"https:\/\/pascoal.pt\/Psc\/\"},{\"@type\":\"ListItem\",\"position\":2,\"name\":\"Bacalhau Salgado Seco\",\"item\":\"https:\/\/pascoal.pt\/Psc\/bacalhau-salgado-seco\/\"},{\"@type\":\"ListItem\",\"position\":3,\"name\":\"Lombos Tradicionais\"}]},{\"@type\":\"WebSite\",\"@id\":\"https:\/\/pascoal.pt\/Psc\/#website\",\"url\":\"https:\/\/pascoal.pt\/Psc\/\",\"name\":\"Pascoal\",\"description\":\"Bacalhau \u00e9 Pascoal\",\"potentialAction\":[{\"@type\":\"SearchAction\",\"target\":{\"@type\":\"EntryPoint\",\"urlTemplate\":\"https:\/\/pascoal.pt\/Psc\/?s={search_term_string}\"},\"query-input\":\"required name=search_term_string\"}],\"inLanguage\":\"pt-PT\"}]}<\/script>\n<!-- \/ Yoast SEO plugin. -->","yoast_head_json":{"title":"Lombos Tradicionais de Bacalhau - Bacalhau \u00e9 Pascoal","description":"Os Lombos Tradicionais de Bacalhau Pascoal s\u00e3o produzidos com o melhor bacalhau, para levar \u00e0 sua mesa uma iguaria tradicional plena de sabor.","robots":{"index":"noindex","follow":"nofollow"},"og_locale":"pt_PT","og_type":"article","og_title":"Lombos Tradicionais de Bacalhau - Bacalhau \u00e9 Pascoal","og_description":"Os Lombos Tradicionais de Bacalhau Pascoal s\u00e3o produzidos com o melhor bacalhau, para levar \u00e0 sua mesa uma iguaria tradicional plena de sabor.","og_url":"https:\/\/pascoal.pt\/Psc\/bacalhau-salgado-seco\/lombos-tradicionais\/","og_site_name":"Pascoal","article_modified_time":"2022-03-14T09:54:06+00:00","twitter_card":"summary_large_image","schema":{"@context":"https:\/\/schema.org","@graph":[{"@type":"WebPage","@id":"https:\/\/pascoal.pt\/Psc\/bacalhau-salgado-seco\/lombos-tradicionais\/","url":"https:\/\/pascoal.pt\/Psc\/bacalhau-salgado-seco\/lombos-tradicionais\/","name":"Lombos Tradicionais de Bacalhau - Bacalhau \u00e9 Pascoal","isPartOf":{"@id":"https:\/\/pascoal.pt\/Psc\/#website"},"datePublished":"2022-03-14T09:50:10+00:00","dateModified":"2022-03-14T09:54:06+00:00","description":"Os Lombos Tradicionais de Bacalhau Pascoal s\u00e3o produzidos com o melhor bacalhau, para levar \u00e0 sua mesa uma iguaria tradicional plena de sabor.","breadcrumb":{"@id":"https:\/\/pascoal.pt\/Psc\/bacalhau-salgado-seco\/lombos-tradicionais\/#breadcrumb"},"inLanguage":"pt-PT","potentialAction":[{"@type":"ReadAction","target":["https:\/\/pascoal.pt\/Psc\/bacalhau-salgado-seco\/lombos-tradicionais\/"]}]},{"@type":"BreadcrumbList","@id":"https:\/\/pascoal.pt\/Psc\/bacalhau-salgado-seco\/lombos-tradicionais\/#breadcrumb","itemListElement":[{"@type":"ListItem","position":1,"name":"In\u00edcio","item":"https:\/\/pascoal.pt\/Psc\/"},{"@type":"ListItem","position":2,"name":"Bacalhau Salgado Seco","item":"https:\/\/pascoal.pt\/Psc\/bacalhau-salgado-seco\/"},{"@type":"ListItem","position":3,"name":"Lombos Tradicionais"}]},{"@type":"WebSite","@id":"https:\/\/pascoal.pt\/Psc\/#website","url":"https:\/\/pascoal.pt\/Psc\/","name":"Pascoal","description":"Bacalhau \u00e9 Pascoal","potentialAction":[{"@type":"SearchAction","target":{"@type":"EntryPoint","urlTemplate":"https:\/\/pascoal.pt\/Psc\/?s={search_term_string}"},"query-input":"required name=search_term_string"}],"inLanguage":"pt-PT"}]}},"_links":{"self":[{"href":"https:\/\/pascoal.pt\/Psc\/wp-json\/wp\/v2\/pages\/2301"}],"collection":[{"href":"https:\/\/pascoal.pt\/Psc\/wp-json\/wp\/v2\/pages"}],"about":[{"href":"https:\/\/pascoal.pt\/Psc\/wp-json\/wp\/v2\/types\/page"}],"author":[{"embeddable":true,"href":"https:\/\/pascoal.pt\/Psc\/wp-json\/wp\/v2\/users\/1"}],"replies":[{"embeddable":true,"href":"https:\/\/pascoal.pt\/Psc\/wp-json\/wp\/v2\/comments?post=2301"}],"version-history":[{"count":1,"href":"https:\/\/pascoal.pt\/Psc\/wp-json\/wp\/v2\/pages\/2301\/revisions"}],"predecessor-version":[{"id":2304,"href":"https:\/\/pascoal.pt\/Psc\/wp-json\/wp\/v2\/pages\/2301\/revisions\/2304"}],"up":[{"embeddable":true,"href":"https:\/\/pascoal.pt\/Psc\/wp-json\/wp\/v2\/pages\/572"}],"wp:attachment":[{"href":"https:\/\/pascoal.pt\/Psc\/wp-json\/wp\/v2\/media?parent=2301"}],"curies":[{"name":"wp","href":"https:\/\/api.w.org\/{rel}","templated":true}]}}