{"id":1993,"date":"2019-12-05T11:47:03","date_gmt":"2019-12-05T11:47:03","guid":{"rendered":"http:\/\/pascoal.pt\/Psc\/contact\/"},"modified":"2019-12-05T14:50:00","modified_gmt":"2019-12-05T14:50:00","slug":"contact","status":"publish","type":"page","link":"https:\/\/pascoal.pt\/Psc\/contact\/?lang=fr","title":{"rendered":"Ou sommes nous"},"content":{"rendered":"","protected":false},"excerpt":{"rendered":"","protected":false},"author":1,"featured_media":0,"parent":0,"menu_order":0,"comment_status":"closed","ping_status":"closed","template":"","meta":{"_monsterinsights_skip_tracking":false,"_monsterinsights_sitenote_active":false,"_monsterinsights_sitenote_note":"","_monsterinsights_sitenote_category":0},"yoast_head":"<!-- This site is optimized with the Yoast SEO plugin v20.9 - https:\/\/yoast.com\/wordpress\/plugins\/seo\/ -->\n<title>Contacts Pascoal - O\u00f9 nous sommes<\/title>\n<meta name=\"description\" content=\"Contacts pour nous faire conna\u00eetre votre avis, poser des questions ou tout autre sujet. Nous sommes \u00e0 votre disposition via diff\u00e9rents canaux.\" \/>\n<meta name=\"robots\" content=\"noindex, nofollow\" \/>\n<meta property=\"og:locale\" content=\"pt_PT\" \/>\n<meta property=\"og:type\" content=\"article\" \/>\n<meta property=\"og:title\" content=\"Contacts Pascoal - O\u00f9 nous sommes\" \/>\n<meta property=\"og:description\" content=\"Contacts pour nous faire conna\u00eetre votre avis, poser des questions ou tout autre sujet. Nous sommes \u00e0 votre disposition via diff\u00e9rents canaux.\" \/>\n<meta property=\"og:url\" content=\"https:\/\/pascoal.pt\/Psc\/contact\/?lang=fr\" \/>\n<meta property=\"og:site_name\" content=\"Pascoal\" \/>\n<meta property=\"article:modified_time\" content=\"2019-12-05T14:50:00+00:00\" \/>\n<meta name=\"twitter:card\" content=\"summary_large_image\" \/>\n<script type=\"application\/ld+json\" class=\"yoast-schema-graph\">{\"@context\":\"https:\/\/schema.org\",\"@graph\":[{\"@type\":\"WebPage\",\"@id\":\"https:\/\/pascoal.pt\/Psc\/contact\/?lang=fr\",\"url\":\"https:\/\/pascoal.pt\/Psc\/contact\/?lang=fr\",\"name\":\"Contacts Pascoal - O\u00f9 nous sommes\",\"isPartOf\":{\"@id\":\"http:\/\/pascoal.pt\/Psc\/#website\"},\"datePublished\":\"2019-12-05T11:47:03+00:00\",\"dateModified\":\"2019-12-05T14:50:00+00:00\",\"description\":\"Contacts pour nous faire conna\u00eetre votre avis, poser des questions ou tout autre sujet. Nous sommes \u00e0 votre disposition via diff\u00e9rents canaux.\",\"breadcrumb\":{\"@id\":\"https:\/\/pascoal.pt\/Psc\/contact\/?lang=fr#breadcrumb\"},\"inLanguage\":\"pt-PT\",\"potentialAction\":[{\"@type\":\"ReadAction\",\"target\":[\"https:\/\/pascoal.pt\/Psc\/contact\/?lang=fr\"]}]},{\"@type\":\"BreadcrumbList\",\"@id\":\"https:\/\/pascoal.pt\/Psc\/contact\/?lang=fr#breadcrumb\",\"itemListElement\":[{\"@type\":\"ListItem\",\"position\":1,\"name\":\"In\u00edcio\",\"item\":\"http:\/\/pascoal.pt\/Psc\/\"},{\"@type\":\"ListItem\",\"position\":2,\"name\":\"Ou sommes nous\"}]},{\"@type\":\"WebSite\",\"@id\":\"http:\/\/pascoal.pt\/Psc\/#website\",\"url\":\"http:\/\/pascoal.pt\/Psc\/\",\"name\":\"Pascoal\",\"description\":\"Bacalhau \u00e9 Pascoal\",\"potentialAction\":[{\"@type\":\"SearchAction\",\"target\":{\"@type\":\"EntryPoint\",\"urlTemplate\":\"http:\/\/pascoal.pt\/Psc\/?s={search_term_string}\"},\"query-input\":\"required name=search_term_string\"}],\"inLanguage\":\"pt-PT\"}]}<\/script>\n<!-- \/ Yoast SEO plugin. -->","yoast_head_json":{"title":"Contacts Pascoal - O\u00f9 nous sommes","description":"Contacts pour nous faire conna\u00eetre votre avis, poser des questions ou tout autre sujet. Nous sommes \u00e0 votre disposition via diff\u00e9rents canaux.","robots":{"index":"noindex","follow":"nofollow"},"og_locale":"pt_PT","og_type":"article","og_title":"Contacts Pascoal - O\u00f9 nous sommes","og_description":"Contacts pour nous faire conna\u00eetre votre avis, poser des questions ou tout autre sujet. Nous sommes \u00e0 votre disposition via diff\u00e9rents canaux.","og_url":"https:\/\/pascoal.pt\/Psc\/contact\/?lang=fr","og_site_name":"Pascoal","article_modified_time":"2019-12-05T14:50:00+00:00","twitter_card":"summary_large_image","schema":{"@context":"https:\/\/schema.org","@graph":[{"@type":"WebPage","@id":"https:\/\/pascoal.pt\/Psc\/contact\/?lang=fr","url":"https:\/\/pascoal.pt\/Psc\/contact\/?lang=fr","name":"Contacts Pascoal - O\u00f9 nous sommes","isPartOf":{"@id":"http:\/\/pascoal.pt\/Psc\/#website"},"datePublished":"2019-12-05T11:47:03+00:00","dateModified":"2019-12-05T14:50:00+00:00","description":"Contacts pour nous faire conna\u00eetre votre avis, poser des questions ou tout autre sujet. Nous sommes \u00e0 votre disposition via diff\u00e9rents canaux.","breadcrumb":{"@id":"https:\/\/pascoal.pt\/Psc\/contact\/?lang=fr#breadcrumb"},"inLanguage":"pt-PT","potentialAction":[{"@type":"ReadAction","target":["https:\/\/pascoal.pt\/Psc\/contact\/?lang=fr"]}]},{"@type":"BreadcrumbList","@id":"https:\/\/pascoal.pt\/Psc\/contact\/?lang=fr#breadcrumb","itemListElement":[{"@type":"ListItem","position":1,"name":"In\u00edcio","item":"http:\/\/pascoal.pt\/Psc\/"},{"@type":"ListItem","position":2,"name":"Ou sommes nous"}]},{"@type":"WebSite","@id":"http:\/\/pascoal.pt\/Psc\/#website","url":"http:\/\/pascoal.pt\/Psc\/","name":"Pascoal","description":"Bacalhau \u00e9 Pascoal","potentialAction":[{"@type":"SearchAction","target":{"@type":"EntryPoint","urlTemplate":"http:\/\/pascoal.pt\/Psc\/?s={search_term_string}"},"query-input":"required name=search_term_string"}],"inLanguage":"pt-PT"}]}},"_links":{"self":[{"href":"https:\/\/pascoal.pt\/Psc\/wp-json\/wp\/v2\/pages\/1993"}],"collection":[{"href":"https:\/\/pascoal.pt\/Psc\/wp-json\/wp\/v2\/pages"}],"about":[{"href":"https:\/\/pascoal.pt\/Psc\/wp-json\/wp\/v2\/types\/page"}],"author":[{"embeddable":true,"href":"https:\/\/pascoal.pt\/Psc\/wp-json\/wp\/v2\/users\/1"}],"replies":[{"embeddable":true,"href":"https:\/\/pascoal.pt\/Psc\/wp-json\/wp\/v2\/comments?post=1993"}],"version-history":[{"count":1,"href":"https:\/\/pascoal.pt\/Psc\/wp-json\/wp\/v2\/pages\/1993\/revisions"}],"predecessor-version":[{"id":1999,"href":"https:\/\/pascoal.pt\/Psc\/wp-json\/wp\/v2\/pages\/1993\/revisions\/1999"}],"wp:attachment":[{"href":"https:\/\/pascoal.pt\/Psc\/wp-json\/wp\/v2\/media?parent=1993"}],"curies":[{"name":"wp","href":"https:\/\/api.w.org\/{rel}","templated":true}]}}