{"id":1958,"date":"2019-11-12T09:29:22","date_gmt":"2019-11-12T09:29:22","guid":{"rendered":"http:\/\/pascoal.pt\/Psc\/?page_id=1958"},"modified":"2019-11-12T14:51:00","modified_gmt":"2019-11-12T14:51:00","slug":"bacalhau-espiritual-familiar","status":"publish","type":"page","link":"https:\/\/pascoal.pt\/Psc\/produtos\/refeicoes-tradicionais-congeladas\/bacalhau-espiritual-familiar\/","title":{"rendered":"Bacalhau Espiritual | Familiar"},"content":{"rendered":"","protected":false},"excerpt":{"rendered":"","protected":false},"author":1,"featured_media":0,"parent":697,"menu_order":0,"comment_status":"closed","ping_status":"closed","template":"","meta":{"_monsterinsights_skip_tracking":false,"_monsterinsights_sitenote_active":false,"_monsterinsights_sitenote_note":"","_monsterinsights_sitenote_category":0},"yoast_head":"<!-- This site is optimized with the Yoast SEO plugin v20.9 - https:\/\/yoast.com\/wordpress\/plugins\/seo\/ -->\n<title>Bacalhau Espiritual - \u00c9 bom, \u00e9 Pascoal.<\/title>\n<meta name=\"description\" content=\"O Bacalhau Espiritual Pascoal \u00e9 feito com o nosso melhor bacalhau.Queremos que tenha \u00e0 sua mesa um prato tradicional pleno de sabor.\" \/>\n<meta name=\"robots\" content=\"noindex, nofollow\" \/>\n<meta property=\"og:locale\" content=\"pt_PT\" \/>\n<meta property=\"og:type\" content=\"article\" \/>\n<meta property=\"og:title\" content=\"Bacalhau Espiritual - \u00c9 bom, \u00e9 Pascoal.\" \/>\n<meta property=\"og:description\" content=\"O Bacalhau Espiritual Pascoal \u00e9 feito com o nosso melhor bacalhau.Queremos que tenha \u00e0 sua mesa um prato tradicional pleno de sabor.\" \/>\n<meta property=\"og:url\" content=\"https:\/\/pascoal.pt\/Psc\/produtos\/refeicoes-tradicionais-congeladas\/bacalhau-espiritual-familiar\/\" \/>\n<meta property=\"og:site_name\" content=\"Pascoal\" \/>\n<meta property=\"article:modified_time\" content=\"2019-11-12T14:51:00+00:00\" \/>\n<meta name=\"twitter:card\" content=\"summary_large_image\" \/>\n<script type=\"application\/ld+json\" class=\"yoast-schema-graph\">{\"@context\":\"https:\/\/schema.org\",\"@graph\":[{\"@type\":\"WebPage\",\"@id\":\"https:\/\/pascoal.pt\/Psc\/produtos\/refeicoes-tradicionais-congeladas\/bacalhau-espiritual-familiar\/\",\"url\":\"https:\/\/pascoal.pt\/Psc\/produtos\/refeicoes-tradicionais-congeladas\/bacalhau-espiritual-familiar\/\",\"name\":\"Bacalhau Espiritual - \u00c9 bom, \u00e9 Pascoal.\",\"isPartOf\":{\"@id\":\"https:\/\/pascoal.pt\/Psc\/#website\"},\"datePublished\":\"2019-11-12T09:29:22+00:00\",\"dateModified\":\"2019-11-12T14:51:00+00:00\",\"description\":\"O Bacalhau Espiritual Pascoal \u00e9 feito com o nosso melhor bacalhau.Queremos que tenha \u00e0 sua mesa um prato tradicional pleno de sabor.\",\"breadcrumb\":{\"@id\":\"https:\/\/pascoal.pt\/Psc\/produtos\/refeicoes-tradicionais-congeladas\/bacalhau-espiritual-familiar\/#breadcrumb\"},\"inLanguage\":\"pt-PT\",\"potentialAction\":[{\"@type\":\"ReadAction\",\"target\":[\"https:\/\/pascoal.pt\/Psc\/produtos\/refeicoes-tradicionais-congeladas\/bacalhau-espiritual-familiar\/\"]}]},{\"@type\":\"BreadcrumbList\",\"@id\":\"https:\/\/pascoal.pt\/Psc\/produtos\/refeicoes-tradicionais-congeladas\/bacalhau-espiritual-familiar\/#breadcrumb\",\"itemListElement\":[{\"@type\":\"ListItem\",\"position\":1,\"name\":\"In\u00edcio\",\"item\":\"https:\/\/pascoal.pt\/Psc\/\"},{\"@type\":\"ListItem\",\"position\":2,\"name\":\"Produtos\",\"item\":\"https:\/\/pascoal.pt\/Psc\/produtos\/\"},{\"@type\":\"ListItem\",\"position\":3,\"name\":\"Refei\u00e7\u00f5es\",\"item\":\"https:\/\/pascoal.pt\/Psc\/produtos\/refeicoes-tradicionais-congeladas\/\"},{\"@type\":\"ListItem\",\"position\":4,\"name\":\"Bacalhau Espiritual | Familiar\"}]},{\"@type\":\"WebSite\",\"@id\":\"https:\/\/pascoal.pt\/Psc\/#website\",\"url\":\"https:\/\/pascoal.pt\/Psc\/\",\"name\":\"Pascoal\",\"description\":\"Bacalhau \u00e9 Pascoal\",\"potentialAction\":[{\"@type\":\"SearchAction\",\"target\":{\"@type\":\"EntryPoint\",\"urlTemplate\":\"https:\/\/pascoal.pt\/Psc\/?s={search_term_string}\"},\"query-input\":\"required name=search_term_string\"}],\"inLanguage\":\"pt-PT\"}]}<\/script>\n<!-- \/ Yoast SEO plugin. -->","yoast_head_json":{"title":"Bacalhau Espiritual - \u00c9 bom, \u00e9 Pascoal.","description":"O Bacalhau Espiritual Pascoal \u00e9 feito com o nosso melhor bacalhau.Queremos que tenha \u00e0 sua mesa um prato tradicional pleno de sabor.","robots":{"index":"noindex","follow":"nofollow"},"og_locale":"pt_PT","og_type":"article","og_title":"Bacalhau Espiritual - \u00c9 bom, \u00e9 Pascoal.","og_description":"O Bacalhau Espiritual Pascoal \u00e9 feito com o nosso melhor bacalhau.Queremos que tenha \u00e0 sua mesa um prato tradicional pleno de sabor.","og_url":"https:\/\/pascoal.pt\/Psc\/produtos\/refeicoes-tradicionais-congeladas\/bacalhau-espiritual-familiar\/","og_site_name":"Pascoal","article_modified_time":"2019-11-12T14:51:00+00:00","twitter_card":"summary_large_image","schema":{"@context":"https:\/\/schema.org","@graph":[{"@type":"WebPage","@id":"https:\/\/pascoal.pt\/Psc\/produtos\/refeicoes-tradicionais-congeladas\/bacalhau-espiritual-familiar\/","url":"https:\/\/pascoal.pt\/Psc\/produtos\/refeicoes-tradicionais-congeladas\/bacalhau-espiritual-familiar\/","name":"Bacalhau Espiritual - \u00c9 bom, \u00e9 Pascoal.","isPartOf":{"@id":"https:\/\/pascoal.pt\/Psc\/#website"},"datePublished":"2019-11-12T09:29:22+00:00","dateModified":"2019-11-12T14:51:00+00:00","description":"O Bacalhau Espiritual Pascoal \u00e9 feito com o nosso melhor bacalhau.Queremos que tenha \u00e0 sua mesa um prato tradicional pleno de sabor.","breadcrumb":{"@id":"https:\/\/pascoal.pt\/Psc\/produtos\/refeicoes-tradicionais-congeladas\/bacalhau-espiritual-familiar\/#breadcrumb"},"inLanguage":"pt-PT","potentialAction":[{"@type":"ReadAction","target":["https:\/\/pascoal.pt\/Psc\/produtos\/refeicoes-tradicionais-congeladas\/bacalhau-espiritual-familiar\/"]}]},{"@type":"BreadcrumbList","@id":"https:\/\/pascoal.pt\/Psc\/produtos\/refeicoes-tradicionais-congeladas\/bacalhau-espiritual-familiar\/#breadcrumb","itemListElement":[{"@type":"ListItem","position":1,"name":"In\u00edcio","item":"https:\/\/pascoal.pt\/Psc\/"},{"@type":"ListItem","position":2,"name":"Produtos","item":"https:\/\/pascoal.pt\/Psc\/produtos\/"},{"@type":"ListItem","position":3,"name":"Refei\u00e7\u00f5es","item":"https:\/\/pascoal.pt\/Psc\/produtos\/refeicoes-tradicionais-congeladas\/"},{"@type":"ListItem","position":4,"name":"Bacalhau Espiritual | Familiar"}]},{"@type":"WebSite","@id":"https:\/\/pascoal.pt\/Psc\/#website","url":"https:\/\/pascoal.pt\/Psc\/","name":"Pascoal","description":"Bacalhau \u00e9 Pascoal","potentialAction":[{"@type":"SearchAction","target":{"@type":"EntryPoint","urlTemplate":"https:\/\/pascoal.pt\/Psc\/?s={search_term_string}"},"query-input":"required name=search_term_string"}],"inLanguage":"pt-PT"}]}},"_links":{"self":[{"href":"https:\/\/pascoal.pt\/Psc\/wp-json\/wp\/v2\/pages\/1958"}],"collection":[{"href":"https:\/\/pascoal.pt\/Psc\/wp-json\/wp\/v2\/pages"}],"about":[{"href":"https:\/\/pascoal.pt\/Psc\/wp-json\/wp\/v2\/types\/page"}],"author":[{"embeddable":true,"href":"https:\/\/pascoal.pt\/Psc\/wp-json\/wp\/v2\/users\/1"}],"replies":[{"embeddable":true,"href":"https:\/\/pascoal.pt\/Psc\/wp-json\/wp\/v2\/comments?post=1958"}],"version-history":[{"count":1,"href":"https:\/\/pascoal.pt\/Psc\/wp-json\/wp\/v2\/pages\/1958\/revisions"}],"predecessor-version":[{"id":1960,"href":"https:\/\/pascoal.pt\/Psc\/wp-json\/wp\/v2\/pages\/1958\/revisions\/1960"}],"up":[{"embeddable":true,"href":"https:\/\/pascoal.pt\/Psc\/wp-json\/wp\/v2\/pages\/697"}],"wp:attachment":[{"href":"https:\/\/pascoal.pt\/Psc\/wp-json\/wp\/v2\/media?parent=1958"}],"curies":[{"name":"wp","href":"https:\/\/api.w.org\/{rel}","templated":true}]}}