{"id":1751,"date":"2019-09-27T09:20:44","date_gmt":"2019-09-27T09:20:44","guid":{"rendered":"http:\/\/pascoal.pt\/Psc\/?page_id=1751"},"modified":"2019-09-27T11:16:09","modified_gmt":"2019-09-27T11:16:09","slug":"empadao-de-carne","status":"publish","type":"page","link":"https:\/\/pascoal.pt\/Psc\/produtos\/refeicoes-tradicionais-congeladas\/empadao-de-carne\/","title":{"rendered":"Empad\u00e3o de Carne"},"content":{"rendered":"","protected":false},"excerpt":{"rendered":"","protected":false},"author":1,"featured_media":0,"parent":697,"menu_order":0,"comment_status":"closed","ping_status":"closed","template":"","meta":{"_monsterinsights_skip_tracking":false,"_monsterinsights_sitenote_active":false,"_monsterinsights_sitenote_note":"","_monsterinsights_sitenote_category":0},"yoast_head":"<!-- This site is optimized with the Yoast SEO plugin v20.9 - https:\/\/yoast.com\/wordpress\/plugins\/seo\/ -->\n<title>Empad\u00e3o de Carne - \u00c9 bom, \u00e9 Pascoal.<\/title>\n<meta name=\"description\" content=\"Empad\u00e3o de Carne, com farinheira, confecionado com os melhores ingredientes. Para que tenha \u00e0 sua mesa um excelente prato tradicional, pleno de sabor.\" \/>\n<meta name=\"robots\" content=\"noindex, nofollow\" \/>\n<meta property=\"og:locale\" content=\"pt_PT\" \/>\n<meta property=\"og:type\" content=\"article\" \/>\n<meta property=\"og:title\" content=\"Empad\u00e3o de Carne - \u00c9 bom, \u00e9 Pascoal.\" \/>\n<meta property=\"og:description\" content=\"Empad\u00e3o de Carne, com farinheira, confecionado com os melhores ingredientes. Para que tenha \u00e0 sua mesa um excelente prato tradicional, pleno de sabor.\" \/>\n<meta property=\"og:url\" content=\"https:\/\/pascoal.pt\/Psc\/produtos\/refeicoes-tradicionais-congeladas\/empadao-de-carne\/\" \/>\n<meta property=\"og:site_name\" content=\"Pascoal\" \/>\n<meta property=\"article:modified_time\" content=\"2019-09-27T11:16:09+00:00\" \/>\n<meta name=\"twitter:card\" content=\"summary_large_image\" \/>\n<script type=\"application\/ld+json\" class=\"yoast-schema-graph\">{\"@context\":\"https:\/\/schema.org\",\"@graph\":[{\"@type\":\"WebPage\",\"@id\":\"https:\/\/pascoal.pt\/Psc\/produtos\/refeicoes-tradicionais-congeladas\/empadao-de-carne\/\",\"url\":\"https:\/\/pascoal.pt\/Psc\/produtos\/refeicoes-tradicionais-congeladas\/empadao-de-carne\/\",\"name\":\"Empad\u00e3o de Carne - \u00c9 bom, \u00e9 Pascoal.\",\"isPartOf\":{\"@id\":\"https:\/\/pascoal.pt\/Psc\/#website\"},\"datePublished\":\"2019-09-27T09:20:44+00:00\",\"dateModified\":\"2019-09-27T11:16:09+00:00\",\"description\":\"Empad\u00e3o de Carne, com farinheira, confecionado com os melhores ingredientes. Para que tenha \u00e0 sua mesa um excelente prato tradicional, pleno de sabor.\",\"breadcrumb\":{\"@id\":\"https:\/\/pascoal.pt\/Psc\/produtos\/refeicoes-tradicionais-congeladas\/empadao-de-carne\/#breadcrumb\"},\"inLanguage\":\"pt-PT\",\"potentialAction\":[{\"@type\":\"ReadAction\",\"target\":[\"https:\/\/pascoal.pt\/Psc\/produtos\/refeicoes-tradicionais-congeladas\/empadao-de-carne\/\"]}]},{\"@type\":\"BreadcrumbList\",\"@id\":\"https:\/\/pascoal.pt\/Psc\/produtos\/refeicoes-tradicionais-congeladas\/empadao-de-carne\/#breadcrumb\",\"itemListElement\":[{\"@type\":\"ListItem\",\"position\":1,\"name\":\"In\u00edcio\",\"item\":\"https:\/\/pascoal.pt\/Psc\/\"},{\"@type\":\"ListItem\",\"position\":2,\"name\":\"Produtos\",\"item\":\"https:\/\/pascoal.pt\/Psc\/produtos\/\"},{\"@type\":\"ListItem\",\"position\":3,\"name\":\"Refei\u00e7\u00f5es\",\"item\":\"https:\/\/pascoal.pt\/Psc\/produtos\/refeicoes-tradicionais-congeladas\/\"},{\"@type\":\"ListItem\",\"position\":4,\"name\":\"Empad\u00e3o de Carne\"}]},{\"@type\":\"WebSite\",\"@id\":\"https:\/\/pascoal.pt\/Psc\/#website\",\"url\":\"https:\/\/pascoal.pt\/Psc\/\",\"name\":\"Pascoal\",\"description\":\"Bacalhau \u00e9 Pascoal\",\"potentialAction\":[{\"@type\":\"SearchAction\",\"target\":{\"@type\":\"EntryPoint\",\"urlTemplate\":\"https:\/\/pascoal.pt\/Psc\/?s={search_term_string}\"},\"query-input\":\"required name=search_term_string\"}],\"inLanguage\":\"pt-PT\"}]}<\/script>\n<!-- \/ Yoast SEO plugin. -->","yoast_head_json":{"title":"Empad\u00e3o de Carne - \u00c9 bom, \u00e9 Pascoal.","description":"Empad\u00e3o de Carne, com farinheira, confecionado com os melhores ingredientes. Para que tenha \u00e0 sua mesa um excelente prato tradicional, pleno de sabor.","robots":{"index":"noindex","follow":"nofollow"},"og_locale":"pt_PT","og_type":"article","og_title":"Empad\u00e3o de Carne - \u00c9 bom, \u00e9 Pascoal.","og_description":"Empad\u00e3o de Carne, com farinheira, confecionado com os melhores ingredientes. Para que tenha \u00e0 sua mesa um excelente prato tradicional, pleno de sabor.","og_url":"https:\/\/pascoal.pt\/Psc\/produtos\/refeicoes-tradicionais-congeladas\/empadao-de-carne\/","og_site_name":"Pascoal","article_modified_time":"2019-09-27T11:16:09+00:00","twitter_card":"summary_large_image","schema":{"@context":"https:\/\/schema.org","@graph":[{"@type":"WebPage","@id":"https:\/\/pascoal.pt\/Psc\/produtos\/refeicoes-tradicionais-congeladas\/empadao-de-carne\/","url":"https:\/\/pascoal.pt\/Psc\/produtos\/refeicoes-tradicionais-congeladas\/empadao-de-carne\/","name":"Empad\u00e3o de Carne - \u00c9 bom, \u00e9 Pascoal.","isPartOf":{"@id":"https:\/\/pascoal.pt\/Psc\/#website"},"datePublished":"2019-09-27T09:20:44+00:00","dateModified":"2019-09-27T11:16:09+00:00","description":"Empad\u00e3o de Carne, com farinheira, confecionado com os melhores ingredientes. Para que tenha \u00e0 sua mesa um excelente prato tradicional, pleno de sabor.","breadcrumb":{"@id":"https:\/\/pascoal.pt\/Psc\/produtos\/refeicoes-tradicionais-congeladas\/empadao-de-carne\/#breadcrumb"},"inLanguage":"pt-PT","potentialAction":[{"@type":"ReadAction","target":["https:\/\/pascoal.pt\/Psc\/produtos\/refeicoes-tradicionais-congeladas\/empadao-de-carne\/"]}]},{"@type":"BreadcrumbList","@id":"https:\/\/pascoal.pt\/Psc\/produtos\/refeicoes-tradicionais-congeladas\/empadao-de-carne\/#breadcrumb","itemListElement":[{"@type":"ListItem","position":1,"name":"In\u00edcio","item":"https:\/\/pascoal.pt\/Psc\/"},{"@type":"ListItem","position":2,"name":"Produtos","item":"https:\/\/pascoal.pt\/Psc\/produtos\/"},{"@type":"ListItem","position":3,"name":"Refei\u00e7\u00f5es","item":"https:\/\/pascoal.pt\/Psc\/produtos\/refeicoes-tradicionais-congeladas\/"},{"@type":"ListItem","position":4,"name":"Empad\u00e3o de Carne"}]},{"@type":"WebSite","@id":"https:\/\/pascoal.pt\/Psc\/#website","url":"https:\/\/pascoal.pt\/Psc\/","name":"Pascoal","description":"Bacalhau \u00e9 Pascoal","potentialAction":[{"@type":"SearchAction","target":{"@type":"EntryPoint","urlTemplate":"https:\/\/pascoal.pt\/Psc\/?s={search_term_string}"},"query-input":"required name=search_term_string"}],"inLanguage":"pt-PT"}]}},"_links":{"self":[{"href":"https:\/\/pascoal.pt\/Psc\/wp-json\/wp\/v2\/pages\/1751"}],"collection":[{"href":"https:\/\/pascoal.pt\/Psc\/wp-json\/wp\/v2\/pages"}],"about":[{"href":"https:\/\/pascoal.pt\/Psc\/wp-json\/wp\/v2\/types\/page"}],"author":[{"embeddable":true,"href":"https:\/\/pascoal.pt\/Psc\/wp-json\/wp\/v2\/users\/1"}],"replies":[{"embeddable":true,"href":"https:\/\/pascoal.pt\/Psc\/wp-json\/wp\/v2\/comments?post=1751"}],"version-history":[{"count":1,"href":"https:\/\/pascoal.pt\/Psc\/wp-json\/wp\/v2\/pages\/1751\/revisions"}],"predecessor-version":[{"id":1752,"href":"https:\/\/pascoal.pt\/Psc\/wp-json\/wp\/v2\/pages\/1751\/revisions\/1752"}],"up":[{"embeddable":true,"href":"https:\/\/pascoal.pt\/Psc\/wp-json\/wp\/v2\/pages\/697"}],"wp:attachment":[{"href":"https:\/\/pascoal.pt\/Psc\/wp-json\/wp\/v2\/media?parent=1751"}],"curies":[{"name":"wp","href":"https:\/\/api.w.org\/{rel}","templated":true}]}}