{"id":1103,"date":"2018-10-22T17:00:57","date_gmt":"2018-10-22T17:00:57","guid":{"rendered":"http:\/\/pascoal.pt\/Psc\/?page_id=1103"},"modified":"2019-06-28T14:03:31","modified_gmt":"2019-06-28T14:03:31","slug":"petit-gateau-choc-flor-sal-caramelo","status":"publish","type":"page","link":"https:\/\/pascoal.pt\/Psc\/produtos\/sobremesas\/petit-gateau-choc-flor-sal-caramelo\/","title":{"rendered":"Petit G\u00e2teau Chocolate com Flor de Sal e Fondant de Caramelo"},"content":{"rendered":"","protected":false},"excerpt":{"rendered":"<p>O Petit G\u00e2teau de Chocolate com Flor de Sal e Fondant de Caramelo Pascoal \u00e9 uma deliciosa sobremesa para finalizar a sua refei\u00e7\u00e3o da melhor forma.<\/p>\n","protected":false},"author":1,"featured_media":0,"parent":785,"menu_order":0,"comment_status":"closed","ping_status":"closed","template":"","meta":{"_monsterinsights_skip_tracking":false,"_monsterinsights_sitenote_active":false,"_monsterinsights_sitenote_note":"","_monsterinsights_sitenote_category":0},"yoast_head":"<!-- This site is optimized with the Yoast SEO plugin v20.9 - https:\/\/yoast.com\/wordpress\/plugins\/seo\/ -->\n<title>Petit G\u00e2teau Chocolate, Flor de Sal e Caramelo - \u00c9 bom, \u00e9 Pascoal.<\/title>\n<meta name=\"description\" content=\"O Petit G\u00e2teau de Chocolate com Flor de Sal e Fondant de Caramelo Pascoal \u00e9 uma deliciosa sobremesa para finalizar a sua refei\u00e7\u00e3o da melhor forma.\" \/>\n<meta name=\"robots\" content=\"noindex, nofollow\" \/>\n<meta property=\"og:locale\" content=\"pt_PT\" \/>\n<meta property=\"og:type\" content=\"article\" \/>\n<meta property=\"og:title\" content=\"Petit G\u00e2teau Chocolate, Flor de Sal e Caramelo - \u00c9 bom, \u00e9 Pascoal.\" \/>\n<meta property=\"og:description\" content=\"O Petit G\u00e2teau de Chocolate com Flor de Sal e Fondant de Caramelo Pascoal \u00e9 uma deliciosa sobremesa para finalizar a sua refei\u00e7\u00e3o da melhor forma.\" \/>\n<meta property=\"og:url\" content=\"https:\/\/pascoal.pt\/Psc\/produtos\/sobremesas\/petit-gateau-choc-flor-sal-caramelo\/\" \/>\n<meta property=\"og:site_name\" content=\"Pascoal\" \/>\n<meta property=\"article:modified_time\" content=\"2019-06-28T14:03:31+00:00\" \/>\n<meta name=\"twitter:card\" content=\"summary_large_image\" \/>\n<script type=\"application\/ld+json\" class=\"yoast-schema-graph\">{\"@context\":\"https:\/\/schema.org\",\"@graph\":[{\"@type\":\"WebPage\",\"@id\":\"https:\/\/pascoal.pt\/Psc\/produtos\/sobremesas\/petit-gateau-choc-flor-sal-caramelo\/\",\"url\":\"https:\/\/pascoal.pt\/Psc\/produtos\/sobremesas\/petit-gateau-choc-flor-sal-caramelo\/\",\"name\":\"Petit G\u00e2teau Chocolate, Flor de Sal e Caramelo - \u00c9 bom, \u00e9 Pascoal.\",\"isPartOf\":{\"@id\":\"https:\/\/pascoal.pt\/Psc\/#website\"},\"datePublished\":\"2018-10-22T17:00:57+00:00\",\"dateModified\":\"2019-06-28T14:03:31+00:00\",\"description\":\"O Petit G\u00e2teau de Chocolate com Flor de Sal e Fondant de Caramelo Pascoal \u00e9 uma deliciosa sobremesa para finalizar a sua refei\u00e7\u00e3o da melhor forma.\",\"breadcrumb\":{\"@id\":\"https:\/\/pascoal.pt\/Psc\/produtos\/sobremesas\/petit-gateau-choc-flor-sal-caramelo\/#breadcrumb\"},\"inLanguage\":\"pt-PT\",\"potentialAction\":[{\"@type\":\"ReadAction\",\"target\":[\"https:\/\/pascoal.pt\/Psc\/produtos\/sobremesas\/petit-gateau-choc-flor-sal-caramelo\/\"]}]},{\"@type\":\"BreadcrumbList\",\"@id\":\"https:\/\/pascoal.pt\/Psc\/produtos\/sobremesas\/petit-gateau-choc-flor-sal-caramelo\/#breadcrumb\",\"itemListElement\":[{\"@type\":\"ListItem\",\"position\":1,\"name\":\"In\u00edcio\",\"item\":\"https:\/\/pascoal.pt\/Psc\/\"},{\"@type\":\"ListItem\",\"position\":2,\"name\":\"Produtos\",\"item\":\"https:\/\/pascoal.pt\/Psc\/produtos\/\"},{\"@type\":\"ListItem\",\"position\":3,\"name\":\"Sobremesas\",\"item\":\"https:\/\/pascoal.pt\/Psc\/produtos\/sobremesas\/\"},{\"@type\":\"ListItem\",\"position\":4,\"name\":\"Petit G\u00e2teau Chocolate com Flor de Sal e Fondant de Caramelo\"}]},{\"@type\":\"WebSite\",\"@id\":\"https:\/\/pascoal.pt\/Psc\/#website\",\"url\":\"https:\/\/pascoal.pt\/Psc\/\",\"name\":\"Pascoal\",\"description\":\"Bacalhau \u00e9 Pascoal\",\"potentialAction\":[{\"@type\":\"SearchAction\",\"target\":{\"@type\":\"EntryPoint\",\"urlTemplate\":\"https:\/\/pascoal.pt\/Psc\/?s={search_term_string}\"},\"query-input\":\"required name=search_term_string\"}],\"inLanguage\":\"pt-PT\"}]}<\/script>\n<!-- \/ Yoast SEO plugin. -->","yoast_head_json":{"title":"Petit G\u00e2teau Chocolate, Flor de Sal e Caramelo - \u00c9 bom, \u00e9 Pascoal.","description":"O Petit G\u00e2teau de Chocolate com Flor de Sal e Fondant de Caramelo Pascoal \u00e9 uma deliciosa sobremesa para finalizar a sua refei\u00e7\u00e3o da melhor forma.","robots":{"index":"noindex","follow":"nofollow"},"og_locale":"pt_PT","og_type":"article","og_title":"Petit G\u00e2teau Chocolate, Flor de Sal e Caramelo - \u00c9 bom, \u00e9 Pascoal.","og_description":"O Petit G\u00e2teau de Chocolate com Flor de Sal e Fondant de Caramelo Pascoal \u00e9 uma deliciosa sobremesa para finalizar a sua refei\u00e7\u00e3o da melhor forma.","og_url":"https:\/\/pascoal.pt\/Psc\/produtos\/sobremesas\/petit-gateau-choc-flor-sal-caramelo\/","og_site_name":"Pascoal","article_modified_time":"2019-06-28T14:03:31+00:00","twitter_card":"summary_large_image","schema":{"@context":"https:\/\/schema.org","@graph":[{"@type":"WebPage","@id":"https:\/\/pascoal.pt\/Psc\/produtos\/sobremesas\/petit-gateau-choc-flor-sal-caramelo\/","url":"https:\/\/pascoal.pt\/Psc\/produtos\/sobremesas\/petit-gateau-choc-flor-sal-caramelo\/","name":"Petit G\u00e2teau Chocolate, Flor de Sal e Caramelo - \u00c9 bom, \u00e9 Pascoal.","isPartOf":{"@id":"https:\/\/pascoal.pt\/Psc\/#website"},"datePublished":"2018-10-22T17:00:57+00:00","dateModified":"2019-06-28T14:03:31+00:00","description":"O Petit G\u00e2teau de Chocolate com Flor de Sal e Fondant de Caramelo Pascoal \u00e9 uma deliciosa sobremesa para finalizar a sua refei\u00e7\u00e3o da melhor forma.","breadcrumb":{"@id":"https:\/\/pascoal.pt\/Psc\/produtos\/sobremesas\/petit-gateau-choc-flor-sal-caramelo\/#breadcrumb"},"inLanguage":"pt-PT","potentialAction":[{"@type":"ReadAction","target":["https:\/\/pascoal.pt\/Psc\/produtos\/sobremesas\/petit-gateau-choc-flor-sal-caramelo\/"]}]},{"@type":"BreadcrumbList","@id":"https:\/\/pascoal.pt\/Psc\/produtos\/sobremesas\/petit-gateau-choc-flor-sal-caramelo\/#breadcrumb","itemListElement":[{"@type":"ListItem","position":1,"name":"In\u00edcio","item":"https:\/\/pascoal.pt\/Psc\/"},{"@type":"ListItem","position":2,"name":"Produtos","item":"https:\/\/pascoal.pt\/Psc\/produtos\/"},{"@type":"ListItem","position":3,"name":"Sobremesas","item":"https:\/\/pascoal.pt\/Psc\/produtos\/sobremesas\/"},{"@type":"ListItem","position":4,"name":"Petit G\u00e2teau Chocolate com Flor de Sal e Fondant de Caramelo"}]},{"@type":"WebSite","@id":"https:\/\/pascoal.pt\/Psc\/#website","url":"https:\/\/pascoal.pt\/Psc\/","name":"Pascoal","description":"Bacalhau \u00e9 Pascoal","potentialAction":[{"@type":"SearchAction","target":{"@type":"EntryPoint","urlTemplate":"https:\/\/pascoal.pt\/Psc\/?s={search_term_string}"},"query-input":"required name=search_term_string"}],"inLanguage":"pt-PT"}]}},"_links":{"self":[{"href":"https:\/\/pascoal.pt\/Psc\/wp-json\/wp\/v2\/pages\/1103"}],"collection":[{"href":"https:\/\/pascoal.pt\/Psc\/wp-json\/wp\/v2\/pages"}],"about":[{"href":"https:\/\/pascoal.pt\/Psc\/wp-json\/wp\/v2\/types\/page"}],"author":[{"embeddable":true,"href":"https:\/\/pascoal.pt\/Psc\/wp-json\/wp\/v2\/users\/1"}],"replies":[{"embeddable":true,"href":"https:\/\/pascoal.pt\/Psc\/wp-json\/wp\/v2\/comments?post=1103"}],"version-history":[{"count":2,"href":"https:\/\/pascoal.pt\/Psc\/wp-json\/wp\/v2\/pages\/1103\/revisions"}],"predecessor-version":[{"id":1533,"href":"https:\/\/pascoal.pt\/Psc\/wp-json\/wp\/v2\/pages\/1103\/revisions\/1533"}],"up":[{"embeddable":true,"href":"https:\/\/pascoal.pt\/Psc\/wp-json\/wp\/v2\/pages\/785"}],"wp:attachment":[{"href":"https:\/\/pascoal.pt\/Psc\/wp-json\/wp\/v2\/media?parent=1103"}],"curies":[{"name":"wp","href":"https:\/\/api.w.org\/{rel}","templated":true}]}}