{"id":925,"date":"2018-07-18T16:12:46","date_gmt":"2018-07-18T16:12:46","guid":{"rendered":"http:\/\/pascoal.pt\/Psc\/?page_id=925"},"modified":"2018-07-25T13:17:56","modified_gmt":"2018-07-25T13:17:56","slug":"pasteis-de-bacalhau-restauracao","status":"publish","type":"page","link":"http:\/\/pascoal.pt\/Psc\/produtos\/refeicoes-tradicionais-congeladas\/pasteis-de-bacalhau-restauracao\/","title":{"rendered":"Past\u00e9is de Bacalhau | Restaura\u00e7\u00e3o"},"content":{"rendered":"","protected":false},"excerpt":{"rendered":"","protected":false},"author":1,"featured_media":0,"parent":697,"menu_order":0,"comment_status":"closed","ping_status":"closed","template":"","meta":{"_monsterinsights_skip_tracking":false,"_monsterinsights_sitenote_active":false,"_monsterinsights_sitenote_note":"","_monsterinsights_sitenote_category":0},"yoast_head":"<!-- This site is optimized with the Yoast SEO plugin v20.9 - https:\/\/yoast.com\/wordpress\/plugins\/seo\/ -->\n<title>Past\u00e9is de Bacalhau | Restaura\u00e7\u00e3o | \u00c9 bom, \u00e9 Pascoal.<\/title>\n<meta name=\"description\" content=\"Os Past\u00e9is de Bacalhau Pascoal s\u00e3o feitos com o nosso melhor bacalhau.Queremos que sirva um delicioso snack tradicional, pleno de sabor e qualidade.\" \/>\n<meta name=\"robots\" content=\"noindex, nofollow\" \/>\n<meta property=\"og:locale\" content=\"pt_PT\" \/>\n<meta property=\"og:type\" content=\"article\" \/>\n<meta property=\"og:title\" content=\"Past\u00e9is de Bacalhau | Restaura\u00e7\u00e3o | \u00c9 bom, \u00e9 Pascoal.\" \/>\n<meta property=\"og:description\" content=\"Os Past\u00e9is de Bacalhau Pascoal s\u00e3o feitos com o nosso melhor bacalhau.Queremos que sirva um delicioso snack tradicional, pleno de sabor e qualidade.\" \/>\n<meta property=\"og:url\" content=\"http:\/\/pascoal.pt\/Psc\/produtos\/refeicoes-tradicionais-congeladas\/pasteis-de-bacalhau-restauracao\/\" \/>\n<meta property=\"og:site_name\" content=\"Pascoal\" \/>\n<meta property=\"article:modified_time\" content=\"2018-07-25T13:17:56+00:00\" \/>\n<meta name=\"twitter:card\" content=\"summary_large_image\" \/>\n<script type=\"application\/ld+json\" class=\"yoast-schema-graph\">{\"@context\":\"https:\/\/schema.org\",\"@graph\":[{\"@type\":\"WebPage\",\"@id\":\"http:\/\/pascoal.pt\/Psc\/produtos\/refeicoes-tradicionais-congeladas\/pasteis-de-bacalhau-restauracao\/\",\"url\":\"http:\/\/pascoal.pt\/Psc\/produtos\/refeicoes-tradicionais-congeladas\/pasteis-de-bacalhau-restauracao\/\",\"name\":\"Past\u00e9is de Bacalhau | Restaura\u00e7\u00e3o | \u00c9 bom, \u00e9 Pascoal.\",\"isPartOf\":{\"@id\":\"http:\/\/pascoal.pt\/Psc\/#website\"},\"datePublished\":\"2018-07-18T16:12:46+00:00\",\"dateModified\":\"2018-07-25T13:17:56+00:00\",\"description\":\"Os Past\u00e9is de Bacalhau Pascoal s\u00e3o feitos com o nosso melhor bacalhau.Queremos que sirva um delicioso snack tradicional, pleno de sabor e qualidade.\",\"breadcrumb\":{\"@id\":\"http:\/\/pascoal.pt\/Psc\/produtos\/refeicoes-tradicionais-congeladas\/pasteis-de-bacalhau-restauracao\/#breadcrumb\"},\"inLanguage\":\"pt-PT\",\"potentialAction\":[{\"@type\":\"ReadAction\",\"target\":[\"http:\/\/pascoal.pt\/Psc\/produtos\/refeicoes-tradicionais-congeladas\/pasteis-de-bacalhau-restauracao\/\"]}]},{\"@type\":\"BreadcrumbList\",\"@id\":\"http:\/\/pascoal.pt\/Psc\/produtos\/refeicoes-tradicionais-congeladas\/pasteis-de-bacalhau-restauracao\/#breadcrumb\",\"itemListElement\":[{\"@type\":\"ListItem\",\"position\":1,\"name\":\"In\u00edcio\",\"item\":\"http:\/\/pascoal.pt\/Psc\/\"},{\"@type\":\"ListItem\",\"position\":2,\"name\":\"Produtos\",\"item\":\"http:\/\/pascoal.pt\/Psc\/produtos\/\"},{\"@type\":\"ListItem\",\"position\":3,\"name\":\"Refei\u00e7\u00f5es\",\"item\":\"http:\/\/pascoal.pt\/Psc\/produtos\/refeicoes-tradicionais-congeladas\/\"},{\"@type\":\"ListItem\",\"position\":4,\"name\":\"Past\u00e9is de Bacalhau | Restaura\u00e7\u00e3o\"}]},{\"@type\":\"WebSite\",\"@id\":\"http:\/\/pascoal.pt\/Psc\/#website\",\"url\":\"http:\/\/pascoal.pt\/Psc\/\",\"name\":\"Pascoal\",\"description\":\"Bacalhau \u00e9 Pascoal\",\"potentialAction\":[{\"@type\":\"SearchAction\",\"target\":{\"@type\":\"EntryPoint\",\"urlTemplate\":\"http:\/\/pascoal.pt\/Psc\/?s={search_term_string}\"},\"query-input\":\"required name=search_term_string\"}],\"inLanguage\":\"pt-PT\"}]}<\/script>\n<!-- \/ Yoast SEO plugin. -->","yoast_head_json":{"title":"Past\u00e9is de Bacalhau | Restaura\u00e7\u00e3o | \u00c9 bom, \u00e9 Pascoal.","description":"Os Past\u00e9is de Bacalhau Pascoal s\u00e3o feitos com o nosso melhor bacalhau.Queremos que sirva um delicioso snack tradicional, pleno de sabor e qualidade.","robots":{"index":"noindex","follow":"nofollow"},"og_locale":"pt_PT","og_type":"article","og_title":"Past\u00e9is de Bacalhau | Restaura\u00e7\u00e3o | \u00c9 bom, \u00e9 Pascoal.","og_description":"Os Past\u00e9is de Bacalhau Pascoal s\u00e3o feitos com o nosso melhor bacalhau.Queremos que sirva um delicioso snack tradicional, pleno de sabor e qualidade.","og_url":"http:\/\/pascoal.pt\/Psc\/produtos\/refeicoes-tradicionais-congeladas\/pasteis-de-bacalhau-restauracao\/","og_site_name":"Pascoal","article_modified_time":"2018-07-25T13:17:56+00:00","twitter_card":"summary_large_image","schema":{"@context":"https:\/\/schema.org","@graph":[{"@type":"WebPage","@id":"http:\/\/pascoal.pt\/Psc\/produtos\/refeicoes-tradicionais-congeladas\/pasteis-de-bacalhau-restauracao\/","url":"http:\/\/pascoal.pt\/Psc\/produtos\/refeicoes-tradicionais-congeladas\/pasteis-de-bacalhau-restauracao\/","name":"Past\u00e9is de Bacalhau | Restaura\u00e7\u00e3o | \u00c9 bom, \u00e9 Pascoal.","isPartOf":{"@id":"http:\/\/pascoal.pt\/Psc\/#website"},"datePublished":"2018-07-18T16:12:46+00:00","dateModified":"2018-07-25T13:17:56+00:00","description":"Os Past\u00e9is de Bacalhau Pascoal s\u00e3o feitos com o nosso melhor bacalhau.Queremos que sirva um delicioso snack tradicional, pleno de sabor e qualidade.","breadcrumb":{"@id":"http:\/\/pascoal.pt\/Psc\/produtos\/refeicoes-tradicionais-congeladas\/pasteis-de-bacalhau-restauracao\/#breadcrumb"},"inLanguage":"pt-PT","potentialAction":[{"@type":"ReadAction","target":["http:\/\/pascoal.pt\/Psc\/produtos\/refeicoes-tradicionais-congeladas\/pasteis-de-bacalhau-restauracao\/"]}]},{"@type":"BreadcrumbList","@id":"http:\/\/pascoal.pt\/Psc\/produtos\/refeicoes-tradicionais-congeladas\/pasteis-de-bacalhau-restauracao\/#breadcrumb","itemListElement":[{"@type":"ListItem","position":1,"name":"In\u00edcio","item":"http:\/\/pascoal.pt\/Psc\/"},{"@type":"ListItem","position":2,"name":"Produtos","item":"http:\/\/pascoal.pt\/Psc\/produtos\/"},{"@type":"ListItem","position":3,"name":"Refei\u00e7\u00f5es","item":"http:\/\/pascoal.pt\/Psc\/produtos\/refeicoes-tradicionais-congeladas\/"},{"@type":"ListItem","position":4,"name":"Past\u00e9is de Bacalhau | Restaura\u00e7\u00e3o"}]},{"@type":"WebSite","@id":"http:\/\/pascoal.pt\/Psc\/#website","url":"http:\/\/pascoal.pt\/Psc\/","name":"Pascoal","description":"Bacalhau \u00e9 Pascoal","potentialAction":[{"@type":"SearchAction","target":{"@type":"EntryPoint","urlTemplate":"http:\/\/pascoal.pt\/Psc\/?s={search_term_string}"},"query-input":"required name=search_term_string"}],"inLanguage":"pt-PT"}]}},"_links":{"self":[{"href":"http:\/\/pascoal.pt\/Psc\/wp-json\/wp\/v2\/pages\/925"}],"collection":[{"href":"http:\/\/pascoal.pt\/Psc\/wp-json\/wp\/v2\/pages"}],"about":[{"href":"http:\/\/pascoal.pt\/Psc\/wp-json\/wp\/v2\/types\/page"}],"author":[{"embeddable":true,"href":"http:\/\/pascoal.pt\/Psc\/wp-json\/wp\/v2\/users\/1"}],"replies":[{"embeddable":true,"href":"http:\/\/pascoal.pt\/Psc\/wp-json\/wp\/v2\/comments?post=925"}],"version-history":[{"count":1,"href":"http:\/\/pascoal.pt\/Psc\/wp-json\/wp\/v2\/pages\/925\/revisions"}],"predecessor-version":[{"id":929,"href":"http:\/\/pascoal.pt\/Psc\/wp-json\/wp\/v2\/pages\/925\/revisions\/929"}],"up":[{"embeddable":true,"href":"http:\/\/pascoal.pt\/Psc\/wp-json\/wp\/v2\/pages\/697"}],"wp:attachment":[{"href":"http:\/\/pascoal.pt\/Psc\/wp-json\/wp\/v2\/media?parent=925"}],"curies":[{"name":"wp","href":"https:\/\/api.w.org\/{rel}","templated":true}]}}