{"id":844,"date":"2018-06-26T17:29:06","date_gmt":"2018-06-26T17:29:06","guid":{"rendered":"http:\/\/pascoal.pt\/Psc\/?page_id=844"},"modified":"2019-11-12T09:12:40","modified_gmt":"2019-11-12T09:12:40","slug":"bacalhau-com-natas","status":"publish","type":"page","link":"http:\/\/pascoal.pt\/Psc\/produtos\/refeicoes-tradicionais-congeladas\/bacalhau-com-natas\/","title":{"rendered":"Bacalhau com Natas"},"content":{"rendered":"","protected":false},"excerpt":{"rendered":"","protected":false},"author":1,"featured_media":0,"parent":697,"menu_order":0,"comment_status":"closed","ping_status":"closed","template":"","meta":{"_monsterinsights_skip_tracking":false,"_monsterinsights_sitenote_active":false,"_monsterinsights_sitenote_note":"","_monsterinsights_sitenote_category":0},"yoast_head":"<!-- This site is optimized with the Yoast SEO plugin v20.9 - https:\/\/yoast.com\/wordpress\/plugins\/seo\/ -->\n<title>Bacalhau com Natas - \u00c9 bom, \u00e9 Pascoal.<\/title>\n<meta name=\"description\" content=\"O Bacalhau com Natas \u00e9 dos pratos favoritos dos portugueses. Utilizamos os melhores ingredientes, para levar \u00e1 sua mesa um prato tradicional pleno de sabor.\" \/>\n<meta name=\"robots\" content=\"noindex, nofollow\" \/>\n<meta property=\"og:locale\" content=\"pt_PT\" \/>\n<meta property=\"og:type\" content=\"article\" \/>\n<meta property=\"og:title\" content=\"Bacalhau com Natas - \u00c9 bom, \u00e9 Pascoal.\" \/>\n<meta property=\"og:description\" content=\"O Bacalhau com Natas \u00e9 dos pratos favoritos dos portugueses. Utilizamos os melhores ingredientes, para levar \u00e1 sua mesa um prato tradicional pleno de sabor.\" \/>\n<meta property=\"og:url\" content=\"http:\/\/pascoal.pt\/Psc\/produtos\/refeicoes-tradicionais-congeladas\/bacalhau-com-natas\/\" \/>\n<meta property=\"og:site_name\" content=\"Pascoal\" \/>\n<meta property=\"article:modified_time\" content=\"2019-11-12T09:12:40+00:00\" \/>\n<meta name=\"twitter:card\" content=\"summary_large_image\" \/>\n<script type=\"application\/ld+json\" class=\"yoast-schema-graph\">{\"@context\":\"https:\/\/schema.org\",\"@graph\":[{\"@type\":\"WebPage\",\"@id\":\"http:\/\/pascoal.pt\/Psc\/produtos\/refeicoes-tradicionais-congeladas\/bacalhau-com-natas\/\",\"url\":\"http:\/\/pascoal.pt\/Psc\/produtos\/refeicoes-tradicionais-congeladas\/bacalhau-com-natas\/\",\"name\":\"Bacalhau com Natas - \u00c9 bom, \u00e9 Pascoal.\",\"isPartOf\":{\"@id\":\"http:\/\/pascoal.pt\/Psc\/#website\"},\"datePublished\":\"2018-06-26T17:29:06+00:00\",\"dateModified\":\"2019-11-12T09:12:40+00:00\",\"description\":\"O Bacalhau com Natas \u00e9 dos pratos favoritos dos portugueses. Utilizamos os melhores ingredientes, para levar \u00e1 sua mesa um prato tradicional pleno de sabor.\",\"breadcrumb\":{\"@id\":\"http:\/\/pascoal.pt\/Psc\/produtos\/refeicoes-tradicionais-congeladas\/bacalhau-com-natas\/#breadcrumb\"},\"inLanguage\":\"pt-PT\",\"potentialAction\":[{\"@type\":\"ReadAction\",\"target\":[\"http:\/\/pascoal.pt\/Psc\/produtos\/refeicoes-tradicionais-congeladas\/bacalhau-com-natas\/\"]}]},{\"@type\":\"BreadcrumbList\",\"@id\":\"http:\/\/pascoal.pt\/Psc\/produtos\/refeicoes-tradicionais-congeladas\/bacalhau-com-natas\/#breadcrumb\",\"itemListElement\":[{\"@type\":\"ListItem\",\"position\":1,\"name\":\"In\u00edcio\",\"item\":\"http:\/\/pascoal.pt\/Psc\/\"},{\"@type\":\"ListItem\",\"position\":2,\"name\":\"Produtos\",\"item\":\"http:\/\/pascoal.pt\/Psc\/produtos\/\"},{\"@type\":\"ListItem\",\"position\":3,\"name\":\"Refei\u00e7\u00f5es\",\"item\":\"http:\/\/pascoal.pt\/Psc\/produtos\/refeicoes-tradicionais-congeladas\/\"},{\"@type\":\"ListItem\",\"position\":4,\"name\":\"Bacalhau com Natas\"}]},{\"@type\":\"WebSite\",\"@id\":\"http:\/\/pascoal.pt\/Psc\/#website\",\"url\":\"http:\/\/pascoal.pt\/Psc\/\",\"name\":\"Pascoal\",\"description\":\"Bacalhau \u00e9 Pascoal\",\"potentialAction\":[{\"@type\":\"SearchAction\",\"target\":{\"@type\":\"EntryPoint\",\"urlTemplate\":\"http:\/\/pascoal.pt\/Psc\/?s={search_term_string}\"},\"query-input\":\"required name=search_term_string\"}],\"inLanguage\":\"pt-PT\"}]}<\/script>\n<!-- \/ Yoast SEO plugin. -->","yoast_head_json":{"title":"Bacalhau com Natas - \u00c9 bom, \u00e9 Pascoal.","description":"O Bacalhau com Natas \u00e9 dos pratos favoritos dos portugueses. Utilizamos os melhores ingredientes, para levar \u00e1 sua mesa um prato tradicional pleno de sabor.","robots":{"index":"noindex","follow":"nofollow"},"og_locale":"pt_PT","og_type":"article","og_title":"Bacalhau com Natas - \u00c9 bom, \u00e9 Pascoal.","og_description":"O Bacalhau com Natas \u00e9 dos pratos favoritos dos portugueses. Utilizamos os melhores ingredientes, para levar \u00e1 sua mesa um prato tradicional pleno de sabor.","og_url":"http:\/\/pascoal.pt\/Psc\/produtos\/refeicoes-tradicionais-congeladas\/bacalhau-com-natas\/","og_site_name":"Pascoal","article_modified_time":"2019-11-12T09:12:40+00:00","twitter_card":"summary_large_image","schema":{"@context":"https:\/\/schema.org","@graph":[{"@type":"WebPage","@id":"http:\/\/pascoal.pt\/Psc\/produtos\/refeicoes-tradicionais-congeladas\/bacalhau-com-natas\/","url":"http:\/\/pascoal.pt\/Psc\/produtos\/refeicoes-tradicionais-congeladas\/bacalhau-com-natas\/","name":"Bacalhau com Natas - \u00c9 bom, \u00e9 Pascoal.","isPartOf":{"@id":"http:\/\/pascoal.pt\/Psc\/#website"},"datePublished":"2018-06-26T17:29:06+00:00","dateModified":"2019-11-12T09:12:40+00:00","description":"O Bacalhau com Natas \u00e9 dos pratos favoritos dos portugueses. Utilizamos os melhores ingredientes, para levar \u00e1 sua mesa um prato tradicional pleno de sabor.","breadcrumb":{"@id":"http:\/\/pascoal.pt\/Psc\/produtos\/refeicoes-tradicionais-congeladas\/bacalhau-com-natas\/#breadcrumb"},"inLanguage":"pt-PT","potentialAction":[{"@type":"ReadAction","target":["http:\/\/pascoal.pt\/Psc\/produtos\/refeicoes-tradicionais-congeladas\/bacalhau-com-natas\/"]}]},{"@type":"BreadcrumbList","@id":"http:\/\/pascoal.pt\/Psc\/produtos\/refeicoes-tradicionais-congeladas\/bacalhau-com-natas\/#breadcrumb","itemListElement":[{"@type":"ListItem","position":1,"name":"In\u00edcio","item":"http:\/\/pascoal.pt\/Psc\/"},{"@type":"ListItem","position":2,"name":"Produtos","item":"http:\/\/pascoal.pt\/Psc\/produtos\/"},{"@type":"ListItem","position":3,"name":"Refei\u00e7\u00f5es","item":"http:\/\/pascoal.pt\/Psc\/produtos\/refeicoes-tradicionais-congeladas\/"},{"@type":"ListItem","position":4,"name":"Bacalhau com Natas"}]},{"@type":"WebSite","@id":"http:\/\/pascoal.pt\/Psc\/#website","url":"http:\/\/pascoal.pt\/Psc\/","name":"Pascoal","description":"Bacalhau \u00e9 Pascoal","potentialAction":[{"@type":"SearchAction","target":{"@type":"EntryPoint","urlTemplate":"http:\/\/pascoal.pt\/Psc\/?s={search_term_string}"},"query-input":"required name=search_term_string"}],"inLanguage":"pt-PT"}]}},"_links":{"self":[{"href":"http:\/\/pascoal.pt\/Psc\/wp-json\/wp\/v2\/pages\/844"}],"collection":[{"href":"http:\/\/pascoal.pt\/Psc\/wp-json\/wp\/v2\/pages"}],"about":[{"href":"http:\/\/pascoal.pt\/Psc\/wp-json\/wp\/v2\/types\/page"}],"author":[{"embeddable":true,"href":"http:\/\/pascoal.pt\/Psc\/wp-json\/wp\/v2\/users\/1"}],"replies":[{"embeddable":true,"href":"http:\/\/pascoal.pt\/Psc\/wp-json\/wp\/v2\/comments?post=844"}],"version-history":[{"count":3,"href":"http:\/\/pascoal.pt\/Psc\/wp-json\/wp\/v2\/pages\/844\/revisions"}],"predecessor-version":[{"id":1953,"href":"http:\/\/pascoal.pt\/Psc\/wp-json\/wp\/v2\/pages\/844\/revisions\/1953"}],"up":[{"embeddable":true,"href":"http:\/\/pascoal.pt\/Psc\/wp-json\/wp\/v2\/pages\/697"}],"wp:attachment":[{"href":"http:\/\/pascoal.pt\/Psc\/wp-json\/wp\/v2\/media?parent=844"}],"curies":[{"name":"wp","href":"https:\/\/api.w.org\/{rel}","templated":true}]}}