{"id":785,"date":"2018-06-18T16:24:15","date_gmt":"2018-06-18T16:24:15","guid":{"rendered":"http:\/\/pascoal.pt\/Psc\/?page_id=785"},"modified":"2022-10-14T17:23:28","modified_gmt":"2022-10-14T17:23:28","slug":"sobremesas","status":"publish","type":"page","link":"http:\/\/pascoal.pt\/Psc\/produtos\/sobremesas\/","title":{"rendered":"Sobremesas"},"content":{"rendered":"","protected":false},"excerpt":{"rendered":"","protected":false},"author":1,"featured_media":0,"parent":19,"menu_order":0,"comment_status":"closed","ping_status":"closed","template":"","meta":{"_monsterinsights_skip_tracking":false,"_monsterinsights_sitenote_active":false,"_monsterinsights_sitenote_note":"","_monsterinsights_sitenote_category":0},"yoast_head":"<!-- This site is optimized with the Yoast SEO plugin v20.9 - https:\/\/yoast.com\/wordpress\/plugins\/seo\/ -->\n<title>Sobremesas Congeladas | \u00c9 bom, \u00e9 Pascoal.<\/title>\n<meta name=\"description\" content=\"Complementamos a oferta de refei\u00e7\u00f5es com deliciosas sobremesas congeladas, como o Petit G\u00e2teau, para rematar de forma perfeita a sua refei\u00e7\u00e3o.\" \/>\n<meta name=\"robots\" content=\"index, follow, max-snippet:-1, max-image-preview:large, max-video-preview:-1\" \/>\n<link rel=\"canonical\" href=\"http:\/\/pascoal.pt\/Psc\/produtos\/sobremesas\/\" \/>\n<meta property=\"og:locale\" content=\"pt_PT\" \/>\n<meta property=\"og:type\" content=\"article\" \/>\n<meta property=\"og:title\" content=\"Sobremesas Congeladas | \u00c9 bom, \u00e9 Pascoal.\" \/>\n<meta property=\"og:description\" content=\"Complementamos a oferta de refei\u00e7\u00f5es com deliciosas sobremesas congeladas, como o Petit G\u00e2teau, para rematar de forma perfeita a sua refei\u00e7\u00e3o.\" \/>\n<meta property=\"og:url\" content=\"http:\/\/pascoal.pt\/Psc\/produtos\/sobremesas\/\" \/>\n<meta property=\"og:site_name\" content=\"Pascoal\" \/>\n<meta property=\"article:modified_time\" content=\"2022-10-14T17:23:28+00:00\" \/>\n<meta name=\"twitter:card\" content=\"summary_large_image\" \/>\n<script type=\"application\/ld+json\" class=\"yoast-schema-graph\">{\"@context\":\"https:\/\/schema.org\",\"@graph\":[{\"@type\":\"WebPage\",\"@id\":\"http:\/\/pascoal.pt\/Psc\/produtos\/sobremesas\/\",\"url\":\"http:\/\/pascoal.pt\/Psc\/produtos\/sobremesas\/\",\"name\":\"Sobremesas Congeladas | \u00c9 bom, \u00e9 Pascoal.\",\"isPartOf\":{\"@id\":\"http:\/\/pascoal.pt\/Psc\/#website\"},\"datePublished\":\"2018-06-18T16:24:15+00:00\",\"dateModified\":\"2022-10-14T17:23:28+00:00\",\"description\":\"Complementamos a oferta de refei\u00e7\u00f5es com deliciosas sobremesas congeladas, como o Petit G\u00e2teau, para rematar de forma perfeita a sua refei\u00e7\u00e3o.\",\"breadcrumb\":{\"@id\":\"http:\/\/pascoal.pt\/Psc\/produtos\/sobremesas\/#breadcrumb\"},\"inLanguage\":\"pt-PT\",\"potentialAction\":[{\"@type\":\"ReadAction\",\"target\":[\"http:\/\/pascoal.pt\/Psc\/produtos\/sobremesas\/\"]}]},{\"@type\":\"BreadcrumbList\",\"@id\":\"http:\/\/pascoal.pt\/Psc\/produtos\/sobremesas\/#breadcrumb\",\"itemListElement\":[{\"@type\":\"ListItem\",\"position\":1,\"name\":\"In\u00edcio\",\"item\":\"http:\/\/pascoal.pt\/Psc\/\"},{\"@type\":\"ListItem\",\"position\":2,\"name\":\"Produtos\",\"item\":\"http:\/\/pascoal.pt\/Psc\/produtos\/\"},{\"@type\":\"ListItem\",\"position\":3,\"name\":\"Sobremesas\"}]},{\"@type\":\"WebSite\",\"@id\":\"http:\/\/pascoal.pt\/Psc\/#website\",\"url\":\"http:\/\/pascoal.pt\/Psc\/\",\"name\":\"Pascoal\",\"description\":\"Bacalhau \u00e9 Pascoal\",\"potentialAction\":[{\"@type\":\"SearchAction\",\"target\":{\"@type\":\"EntryPoint\",\"urlTemplate\":\"http:\/\/pascoal.pt\/Psc\/?s={search_term_string}\"},\"query-input\":\"required name=search_term_string\"}],\"inLanguage\":\"pt-PT\"}]}<\/script>\n<!-- \/ Yoast SEO plugin. -->","yoast_head_json":{"title":"Sobremesas Congeladas | \u00c9 bom, \u00e9 Pascoal.","description":"Complementamos a oferta de refei\u00e7\u00f5es com deliciosas sobremesas congeladas, como o Petit G\u00e2teau, para rematar de forma perfeita a sua refei\u00e7\u00e3o.","robots":{"index":"index","follow":"follow","max-snippet":"max-snippet:-1","max-image-preview":"max-image-preview:large","max-video-preview":"max-video-preview:-1"},"canonical":"http:\/\/pascoal.pt\/Psc\/produtos\/sobremesas\/","og_locale":"pt_PT","og_type":"article","og_title":"Sobremesas Congeladas | \u00c9 bom, \u00e9 Pascoal.","og_description":"Complementamos a oferta de refei\u00e7\u00f5es com deliciosas sobremesas congeladas, como o Petit G\u00e2teau, para rematar de forma perfeita a sua refei\u00e7\u00e3o.","og_url":"http:\/\/pascoal.pt\/Psc\/produtos\/sobremesas\/","og_site_name":"Pascoal","article_modified_time":"2022-10-14T17:23:28+00:00","twitter_card":"summary_large_image","schema":{"@context":"https:\/\/schema.org","@graph":[{"@type":"WebPage","@id":"http:\/\/pascoal.pt\/Psc\/produtos\/sobremesas\/","url":"http:\/\/pascoal.pt\/Psc\/produtos\/sobremesas\/","name":"Sobremesas Congeladas | \u00c9 bom, \u00e9 Pascoal.","isPartOf":{"@id":"http:\/\/pascoal.pt\/Psc\/#website"},"datePublished":"2018-06-18T16:24:15+00:00","dateModified":"2022-10-14T17:23:28+00:00","description":"Complementamos a oferta de refei\u00e7\u00f5es com deliciosas sobremesas congeladas, como o Petit G\u00e2teau, para rematar de forma perfeita a sua refei\u00e7\u00e3o.","breadcrumb":{"@id":"http:\/\/pascoal.pt\/Psc\/produtos\/sobremesas\/#breadcrumb"},"inLanguage":"pt-PT","potentialAction":[{"@type":"ReadAction","target":["http:\/\/pascoal.pt\/Psc\/produtos\/sobremesas\/"]}]},{"@type":"BreadcrumbList","@id":"http:\/\/pascoal.pt\/Psc\/produtos\/sobremesas\/#breadcrumb","itemListElement":[{"@type":"ListItem","position":1,"name":"In\u00edcio","item":"http:\/\/pascoal.pt\/Psc\/"},{"@type":"ListItem","position":2,"name":"Produtos","item":"http:\/\/pascoal.pt\/Psc\/produtos\/"},{"@type":"ListItem","position":3,"name":"Sobremesas"}]},{"@type":"WebSite","@id":"http:\/\/pascoal.pt\/Psc\/#website","url":"http:\/\/pascoal.pt\/Psc\/","name":"Pascoal","description":"Bacalhau \u00e9 Pascoal","potentialAction":[{"@type":"SearchAction","target":{"@type":"EntryPoint","urlTemplate":"http:\/\/pascoal.pt\/Psc\/?s={search_term_string}"},"query-input":"required name=search_term_string"}],"inLanguage":"pt-PT"}]}},"_links":{"self":[{"href":"http:\/\/pascoal.pt\/Psc\/wp-json\/wp\/v2\/pages\/785"}],"collection":[{"href":"http:\/\/pascoal.pt\/Psc\/wp-json\/wp\/v2\/pages"}],"about":[{"href":"http:\/\/pascoal.pt\/Psc\/wp-json\/wp\/v2\/types\/page"}],"author":[{"embeddable":true,"href":"http:\/\/pascoal.pt\/Psc\/wp-json\/wp\/v2\/users\/1"}],"replies":[{"embeddable":true,"href":"http:\/\/pascoal.pt\/Psc\/wp-json\/wp\/v2\/comments?post=785"}],"version-history":[{"count":3,"href":"http:\/\/pascoal.pt\/Psc\/wp-json\/wp\/v2\/pages\/785\/revisions"}],"predecessor-version":[{"id":1106,"href":"http:\/\/pascoal.pt\/Psc\/wp-json\/wp\/v2\/pages\/785\/revisions\/1106"}],"up":[{"embeddable":true,"href":"http:\/\/pascoal.pt\/Psc\/wp-json\/wp\/v2\/pages\/19"}],"wp:attachment":[{"href":"http:\/\/pascoal.pt\/Psc\/wp-json\/wp\/v2\/media?parent=785"}],"curies":[{"name":"wp","href":"https:\/\/api.w.org\/{rel}","templated":true}]}}