{"id":697,"date":"2018-06-18T15:42:48","date_gmt":"2018-06-18T15:42:48","guid":{"rendered":"http:\/\/pascoal.pt\/Psc\/?page_id=697"},"modified":"2022-10-14T16:02:32","modified_gmt":"2022-10-14T16:02:32","slug":"refeicoes-tradicionais-congeladas","status":"publish","type":"page","link":"http:\/\/pascoal.pt\/Psc\/produtos\/refeicoes-tradicionais-congeladas\/","title":{"rendered":"Refei\u00e7\u00f5es"},"content":{"rendered":"","protected":false},"excerpt":{"rendered":"","protected":false},"author":1,"featured_media":0,"parent":19,"menu_order":0,"comment_status":"closed","ping_status":"closed","template":"","meta":{"_monsterinsights_skip_tracking":false,"_monsterinsights_sitenote_active":false,"_monsterinsights_sitenote_note":"","_monsterinsights_sitenote_category":0},"yoast_head":"<!-- This site is optimized with the Yoast SEO plugin v20.9 - https:\/\/yoast.com\/wordpress\/plugins\/seo\/ -->\n<title>Refei\u00e7\u00f5es Tradicionais Congeladas - \u00c9 bom, \u00e9 Pascoal.<\/title>\n<meta name=\"description\" content=\"Refei\u00e7\u00f5es tradicionais congeladas, sublimes de sabor! Bacalhau \u00e0 Z\u00e9 do Pipo, \u00e0 Br\u00e1s, com Natas, entre outros, al\u00e9m dos deliciosos past\u00e9is e pataniscas.\" \/>\n<meta name=\"robots\" content=\"noindex, nofollow\" \/>\n<meta property=\"og:locale\" content=\"pt_PT\" \/>\n<meta property=\"og:type\" content=\"article\" \/>\n<meta property=\"og:title\" content=\"Refei\u00e7\u00f5es Tradicionais Congeladas - \u00c9 bom, \u00e9 Pascoal.\" \/>\n<meta property=\"og:description\" content=\"Refei\u00e7\u00f5es tradicionais congeladas, sublimes de sabor! Bacalhau \u00e0 Z\u00e9 do Pipo, \u00e0 Br\u00e1s, com Natas, entre outros, al\u00e9m dos deliciosos past\u00e9is e pataniscas.\" \/>\n<meta property=\"og:url\" content=\"http:\/\/pascoal.pt\/Psc\/produtos\/refeicoes-tradicionais-congeladas\/\" \/>\n<meta property=\"og:site_name\" content=\"Pascoal\" \/>\n<meta property=\"article:modified_time\" content=\"2022-10-14T16:02:32+00:00\" \/>\n<meta name=\"twitter:card\" content=\"summary_large_image\" \/>\n<script type=\"application\/ld+json\" class=\"yoast-schema-graph\">{\"@context\":\"https:\/\/schema.org\",\"@graph\":[{\"@type\":\"WebPage\",\"@id\":\"http:\/\/pascoal.pt\/Psc\/produtos\/refeicoes-tradicionais-congeladas\/\",\"url\":\"http:\/\/pascoal.pt\/Psc\/produtos\/refeicoes-tradicionais-congeladas\/\",\"name\":\"Refei\u00e7\u00f5es Tradicionais Congeladas - \u00c9 bom, \u00e9 Pascoal.\",\"isPartOf\":{\"@id\":\"http:\/\/pascoal.pt\/Psc\/#website\"},\"datePublished\":\"2018-06-18T15:42:48+00:00\",\"dateModified\":\"2022-10-14T16:02:32+00:00\",\"description\":\"Refei\u00e7\u00f5es tradicionais congeladas, sublimes de sabor! Bacalhau \u00e0 Z\u00e9 do Pipo, \u00e0 Br\u00e1s, com Natas, entre outros, al\u00e9m dos deliciosos past\u00e9is e pataniscas.\",\"breadcrumb\":{\"@id\":\"http:\/\/pascoal.pt\/Psc\/produtos\/refeicoes-tradicionais-congeladas\/#breadcrumb\"},\"inLanguage\":\"pt-PT\",\"potentialAction\":[{\"@type\":\"ReadAction\",\"target\":[\"http:\/\/pascoal.pt\/Psc\/produtos\/refeicoes-tradicionais-congeladas\/\"]}]},{\"@type\":\"BreadcrumbList\",\"@id\":\"http:\/\/pascoal.pt\/Psc\/produtos\/refeicoes-tradicionais-congeladas\/#breadcrumb\",\"itemListElement\":[{\"@type\":\"ListItem\",\"position\":1,\"name\":\"In\u00edcio\",\"item\":\"http:\/\/pascoal.pt\/Psc\/\"},{\"@type\":\"ListItem\",\"position\":2,\"name\":\"Produtos\",\"item\":\"http:\/\/pascoal.pt\/Psc\/produtos\/\"},{\"@type\":\"ListItem\",\"position\":3,\"name\":\"Refei\u00e7\u00f5es\"}]},{\"@type\":\"WebSite\",\"@id\":\"http:\/\/pascoal.pt\/Psc\/#website\",\"url\":\"http:\/\/pascoal.pt\/Psc\/\",\"name\":\"Pascoal\",\"description\":\"Bacalhau \u00e9 Pascoal\",\"potentialAction\":[{\"@type\":\"SearchAction\",\"target\":{\"@type\":\"EntryPoint\",\"urlTemplate\":\"http:\/\/pascoal.pt\/Psc\/?s={search_term_string}\"},\"query-input\":\"required name=search_term_string\"}],\"inLanguage\":\"pt-PT\"}]}<\/script>\n<!-- \/ Yoast SEO plugin. -->","yoast_head_json":{"title":"Refei\u00e7\u00f5es Tradicionais Congeladas - \u00c9 bom, \u00e9 Pascoal.","description":"Refei\u00e7\u00f5es tradicionais congeladas, sublimes de sabor! Bacalhau \u00e0 Z\u00e9 do Pipo, \u00e0 Br\u00e1s, com Natas, entre outros, al\u00e9m dos deliciosos past\u00e9is e pataniscas.","robots":{"index":"noindex","follow":"nofollow"},"og_locale":"pt_PT","og_type":"article","og_title":"Refei\u00e7\u00f5es Tradicionais Congeladas - \u00c9 bom, \u00e9 Pascoal.","og_description":"Refei\u00e7\u00f5es tradicionais congeladas, sublimes de sabor! Bacalhau \u00e0 Z\u00e9 do Pipo, \u00e0 Br\u00e1s, com Natas, entre outros, al\u00e9m dos deliciosos past\u00e9is e pataniscas.","og_url":"http:\/\/pascoal.pt\/Psc\/produtos\/refeicoes-tradicionais-congeladas\/","og_site_name":"Pascoal","article_modified_time":"2022-10-14T16:02:32+00:00","twitter_card":"summary_large_image","schema":{"@context":"https:\/\/schema.org","@graph":[{"@type":"WebPage","@id":"http:\/\/pascoal.pt\/Psc\/produtos\/refeicoes-tradicionais-congeladas\/","url":"http:\/\/pascoal.pt\/Psc\/produtos\/refeicoes-tradicionais-congeladas\/","name":"Refei\u00e7\u00f5es Tradicionais Congeladas - \u00c9 bom, \u00e9 Pascoal.","isPartOf":{"@id":"http:\/\/pascoal.pt\/Psc\/#website"},"datePublished":"2018-06-18T15:42:48+00:00","dateModified":"2022-10-14T16:02:32+00:00","description":"Refei\u00e7\u00f5es tradicionais congeladas, sublimes de sabor! Bacalhau \u00e0 Z\u00e9 do Pipo, \u00e0 Br\u00e1s, com Natas, entre outros, al\u00e9m dos deliciosos past\u00e9is e pataniscas.","breadcrumb":{"@id":"http:\/\/pascoal.pt\/Psc\/produtos\/refeicoes-tradicionais-congeladas\/#breadcrumb"},"inLanguage":"pt-PT","potentialAction":[{"@type":"ReadAction","target":["http:\/\/pascoal.pt\/Psc\/produtos\/refeicoes-tradicionais-congeladas\/"]}]},{"@type":"BreadcrumbList","@id":"http:\/\/pascoal.pt\/Psc\/produtos\/refeicoes-tradicionais-congeladas\/#breadcrumb","itemListElement":[{"@type":"ListItem","position":1,"name":"In\u00edcio","item":"http:\/\/pascoal.pt\/Psc\/"},{"@type":"ListItem","position":2,"name":"Produtos","item":"http:\/\/pascoal.pt\/Psc\/produtos\/"},{"@type":"ListItem","position":3,"name":"Refei\u00e7\u00f5es"}]},{"@type":"WebSite","@id":"http:\/\/pascoal.pt\/Psc\/#website","url":"http:\/\/pascoal.pt\/Psc\/","name":"Pascoal","description":"Bacalhau \u00e9 Pascoal","potentialAction":[{"@type":"SearchAction","target":{"@type":"EntryPoint","urlTemplate":"http:\/\/pascoal.pt\/Psc\/?s={search_term_string}"},"query-input":"required name=search_term_string"}],"inLanguage":"pt-PT"}]}},"_links":{"self":[{"href":"http:\/\/pascoal.pt\/Psc\/wp-json\/wp\/v2\/pages\/697"}],"collection":[{"href":"http:\/\/pascoal.pt\/Psc\/wp-json\/wp\/v2\/pages"}],"about":[{"href":"http:\/\/pascoal.pt\/Psc\/wp-json\/wp\/v2\/types\/page"}],"author":[{"embeddable":true,"href":"http:\/\/pascoal.pt\/Psc\/wp-json\/wp\/v2\/users\/1"}],"replies":[{"embeddable":true,"href":"http:\/\/pascoal.pt\/Psc\/wp-json\/wp\/v2\/comments?post=697"}],"version-history":[{"count":1,"href":"http:\/\/pascoal.pt\/Psc\/wp-json\/wp\/v2\/pages\/697\/revisions"}],"predecessor-version":[{"id":745,"href":"http:\/\/pascoal.pt\/Psc\/wp-json\/wp\/v2\/pages\/697\/revisions\/745"}],"up":[{"embeddable":true,"href":"http:\/\/pascoal.pt\/Psc\/wp-json\/wp\/v2\/pages\/19"}],"wp:attachment":[{"href":"http:\/\/pascoal.pt\/Psc\/wp-json\/wp\/v2\/media?parent=697"}],"curies":[{"name":"wp","href":"https:\/\/api.w.org\/{rel}","templated":true}]}}