{"id":2317,"date":"2022-03-14T11:11:20","date_gmt":"2022-03-14T11:11:20","guid":{"rendered":"https:\/\/pascoal.pt\/Psc\/?page_id=2317"},"modified":"2022-03-14T11:27:17","modified_gmt":"2022-03-14T11:27:17","slug":"lombos-medios-especial","status":"publish","type":"page","link":"http:\/\/pascoal.pt\/Psc\/bacalhau-salgado-seco\/lombos-medios-especial\/","title":{"rendered":"Lombos M\u00e9dios &#8211; Edi\u00e7\u00e3o Especial"},"content":{"rendered":"","protected":false},"excerpt":{"rendered":"","protected":false},"author":1,"featured_media":0,"parent":572,"menu_order":0,"comment_status":"closed","ping_status":"closed","template":"","meta":{"_monsterinsights_skip_tracking":false,"_monsterinsights_sitenote_active":false,"_monsterinsights_sitenote_note":"","_monsterinsights_sitenote_category":0},"yoast_head":"<!-- This site is optimized with the Yoast SEO plugin v20.9 - https:\/\/yoast.com\/wordpress\/plugins\/seo\/ -->\n<title>Lombos M\u00e9dios de Bacalhau - Edi\u00e7\u00e3o Especial<\/title>\n<meta name=\"description\" content=\"Lombos de Bacalhau Seco de elevada qualidade. numa caixa exclusiva. Lombos sublimes, bem curados e secos, numa edi\u00e7\u00e3o especial que incorpora na embalagem os elementos ancestrais da faina maior \u2013 o mar bravio e o ilustre \u201cfiel amigo\u201d \u2013 o bacalhau.\" \/>\n<meta name=\"robots\" content=\"noindex, nofollow\" \/>\n<meta property=\"og:locale\" content=\"pt_PT\" \/>\n<meta property=\"og:type\" content=\"article\" \/>\n<meta property=\"og:title\" content=\"Lombos M\u00e9dios de Bacalhau - Edi\u00e7\u00e3o Especial\" \/>\n<meta property=\"og:description\" content=\"Lombos de Bacalhau Seco de elevada qualidade. numa caixa exclusiva. Lombos sublimes, bem curados e secos, numa edi\u00e7\u00e3o especial que incorpora na embalagem os elementos ancestrais da faina maior \u2013 o mar bravio e o ilustre \u201cfiel amigo\u201d \u2013 o bacalhau.\" \/>\n<meta property=\"og:url\" content=\"http:\/\/pascoal.pt\/Psc\/bacalhau-salgado-seco\/lombos-medios-especial\/\" \/>\n<meta property=\"og:site_name\" content=\"Pascoal\" \/>\n<meta property=\"article:modified_time\" content=\"2022-03-14T11:27:17+00:00\" \/>\n<meta name=\"twitter:card\" content=\"summary_large_image\" \/>\n<script type=\"application\/ld+json\" class=\"yoast-schema-graph\">{\"@context\":\"https:\/\/schema.org\",\"@graph\":[{\"@type\":\"WebPage\",\"@id\":\"http:\/\/pascoal.pt\/Psc\/bacalhau-salgado-seco\/lombos-medios-especial\/\",\"url\":\"http:\/\/pascoal.pt\/Psc\/bacalhau-salgado-seco\/lombos-medios-especial\/\",\"name\":\"Lombos M\u00e9dios de Bacalhau - Edi\u00e7\u00e3o Especial\",\"isPartOf\":{\"@id\":\"https:\/\/pascoal.pt\/Psc\/?lang=en\/#website\"},\"datePublished\":\"2022-03-14T11:11:20+00:00\",\"dateModified\":\"2022-03-14T11:27:17+00:00\",\"description\":\"Lombos de Bacalhau Seco de elevada qualidade. numa caixa exclusiva. Lombos sublimes, bem curados e secos, numa edi\u00e7\u00e3o especial que incorpora na embalagem os elementos ancestrais da faina maior \u2013 o mar bravio e o ilustre \u201cfiel amigo\u201d \u2013 o bacalhau.\",\"breadcrumb\":{\"@id\":\"http:\/\/pascoal.pt\/Psc\/bacalhau-salgado-seco\/lombos-medios-especial\/#breadcrumb\"},\"inLanguage\":\"pt-PT\",\"potentialAction\":[{\"@type\":\"ReadAction\",\"target\":[\"http:\/\/pascoal.pt\/Psc\/bacalhau-salgado-seco\/lombos-medios-especial\/\"]}]},{\"@type\":\"BreadcrumbList\",\"@id\":\"http:\/\/pascoal.pt\/Psc\/bacalhau-salgado-seco\/lombos-medios-especial\/#breadcrumb\",\"itemListElement\":[{\"@type\":\"ListItem\",\"position\":1,\"name\":\"In\u00edcio\",\"item\":\"https:\/\/pascoal.pt\/Psc\/\"},{\"@type\":\"ListItem\",\"position\":2,\"name\":\"Bacalhau Salgado Seco\",\"item\":\"https:\/\/pascoal.pt\/Psc\/bacalhau-salgado-seco\/\"},{\"@type\":\"ListItem\",\"position\":3,\"name\":\"Lombos M\u00e9dios &#8211; Edi\u00e7\u00e3o Especial\"}]},{\"@type\":\"WebSite\",\"@id\":\"https:\/\/pascoal.pt\/Psc\/?lang=en\/#website\",\"url\":\"https:\/\/pascoal.pt\/Psc\/?lang=en\/\",\"name\":\"Pascoal\",\"description\":\"Bacalhau \u00e9 Pascoal\",\"potentialAction\":[{\"@type\":\"SearchAction\",\"target\":{\"@type\":\"EntryPoint\",\"urlTemplate\":\"https:\/\/pascoal.pt\/Psc\/?lang=en\/?s={search_term_string}\"},\"query-input\":\"required name=search_term_string\"}],\"inLanguage\":\"pt-PT\"}]}<\/script>\n<!-- \/ Yoast SEO plugin. -->","yoast_head_json":{"title":"Lombos M\u00e9dios de Bacalhau - Edi\u00e7\u00e3o Especial","description":"Lombos de Bacalhau Seco de elevada qualidade. numa caixa exclusiva. Lombos sublimes, bem curados e secos, numa edi\u00e7\u00e3o especial que incorpora na embalagem os elementos ancestrais da faina maior \u2013 o mar bravio e o ilustre \u201cfiel amigo\u201d \u2013 o bacalhau.","robots":{"index":"noindex","follow":"nofollow"},"og_locale":"pt_PT","og_type":"article","og_title":"Lombos M\u00e9dios de Bacalhau - Edi\u00e7\u00e3o Especial","og_description":"Lombos de Bacalhau Seco de elevada qualidade. numa caixa exclusiva. Lombos sublimes, bem curados e secos, numa edi\u00e7\u00e3o especial que incorpora na embalagem os elementos ancestrais da faina maior \u2013 o mar bravio e o ilustre \u201cfiel amigo\u201d \u2013 o bacalhau.","og_url":"http:\/\/pascoal.pt\/Psc\/bacalhau-salgado-seco\/lombos-medios-especial\/","og_site_name":"Pascoal","article_modified_time":"2022-03-14T11:27:17+00:00","twitter_card":"summary_large_image","schema":{"@context":"https:\/\/schema.org","@graph":[{"@type":"WebPage","@id":"http:\/\/pascoal.pt\/Psc\/bacalhau-salgado-seco\/lombos-medios-especial\/","url":"http:\/\/pascoal.pt\/Psc\/bacalhau-salgado-seco\/lombos-medios-especial\/","name":"Lombos M\u00e9dios de Bacalhau - Edi\u00e7\u00e3o Especial","isPartOf":{"@id":"https:\/\/pascoal.pt\/Psc\/?lang=en\/#website"},"datePublished":"2022-03-14T11:11:20+00:00","dateModified":"2022-03-14T11:27:17+00:00","description":"Lombos de Bacalhau Seco de elevada qualidade. numa caixa exclusiva. Lombos sublimes, bem curados e secos, numa edi\u00e7\u00e3o especial que incorpora na embalagem os elementos ancestrais da faina maior \u2013 o mar bravio e o ilustre \u201cfiel amigo\u201d \u2013 o bacalhau.","breadcrumb":{"@id":"http:\/\/pascoal.pt\/Psc\/bacalhau-salgado-seco\/lombos-medios-especial\/#breadcrumb"},"inLanguage":"pt-PT","potentialAction":[{"@type":"ReadAction","target":["http:\/\/pascoal.pt\/Psc\/bacalhau-salgado-seco\/lombos-medios-especial\/"]}]},{"@type":"BreadcrumbList","@id":"http:\/\/pascoal.pt\/Psc\/bacalhau-salgado-seco\/lombos-medios-especial\/#breadcrumb","itemListElement":[{"@type":"ListItem","position":1,"name":"In\u00edcio","item":"https:\/\/pascoal.pt\/Psc\/"},{"@type":"ListItem","position":2,"name":"Bacalhau Salgado Seco","item":"https:\/\/pascoal.pt\/Psc\/bacalhau-salgado-seco\/"},{"@type":"ListItem","position":3,"name":"Lombos M\u00e9dios &#8211; Edi\u00e7\u00e3o Especial"}]},{"@type":"WebSite","@id":"https:\/\/pascoal.pt\/Psc\/?lang=en\/#website","url":"https:\/\/pascoal.pt\/Psc\/?lang=en\/","name":"Pascoal","description":"Bacalhau \u00e9 Pascoal","potentialAction":[{"@type":"SearchAction","target":{"@type":"EntryPoint","urlTemplate":"https:\/\/pascoal.pt\/Psc\/?lang=en\/?s={search_term_string}"},"query-input":"required name=search_term_string"}],"inLanguage":"pt-PT"}]}},"_links":{"self":[{"href":"http:\/\/pascoal.pt\/Psc\/wp-json\/wp\/v2\/pages\/2317"}],"collection":[{"href":"http:\/\/pascoal.pt\/Psc\/wp-json\/wp\/v2\/pages"}],"about":[{"href":"http:\/\/pascoal.pt\/Psc\/wp-json\/wp\/v2\/types\/page"}],"author":[{"embeddable":true,"href":"http:\/\/pascoal.pt\/Psc\/wp-json\/wp\/v2\/users\/1"}],"replies":[{"embeddable":true,"href":"http:\/\/pascoal.pt\/Psc\/wp-json\/wp\/v2\/comments?post=2317"}],"version-history":[{"count":1,"href":"http:\/\/pascoal.pt\/Psc\/wp-json\/wp\/v2\/pages\/2317\/revisions"}],"predecessor-version":[{"id":2322,"href":"http:\/\/pascoal.pt\/Psc\/wp-json\/wp\/v2\/pages\/2317\/revisions\/2322"}],"up":[{"embeddable":true,"href":"http:\/\/pascoal.pt\/Psc\/wp-json\/wp\/v2\/pages\/572"}],"wp:attachment":[{"href":"http:\/\/pascoal.pt\/Psc\/wp-json\/wp\/v2\/media?parent=2317"}],"curies":[{"name":"wp","href":"https:\/\/api.w.org\/{rel}","templated":true}]}}