{"id":1915,"date":"2019-11-07T09:03:25","date_gmt":"2019-11-07T09:03:25","guid":{"rendered":"http:\/\/pascoal.pt\/Psc\/?page_id=1915"},"modified":"2019-11-12T09:27:46","modified_gmt":"2019-11-12T09:27:46","slug":"empadao-carne-familiar","status":"publish","type":"page","link":"http:\/\/pascoal.pt\/Psc\/produtos\/refeicoes-tradicionais-congeladas\/empadao-carne-familiar\/","title":{"rendered":"Empad\u00e3o de Carne | Familiar"},"content":{"rendered":"","protected":false},"excerpt":{"rendered":"","protected":false},"author":1,"featured_media":0,"parent":697,"menu_order":0,"comment_status":"closed","ping_status":"closed","template":"","meta":{"_monsterinsights_skip_tracking":false,"_monsterinsights_sitenote_active":false,"_monsterinsights_sitenote_note":"","_monsterinsights_sitenote_category":0},"yoast_head":"<!-- This site is optimized with the Yoast SEO plugin v20.9 - https:\/\/yoast.com\/wordpress\/plugins\/seo\/ -->\n<title>Empad\u00e3o de Carne - \u00c9 bom, \u00e9 Pascoal.<\/title>\n<meta name=\"description\" content=\"Empad\u00e3o de Carne, com farinheira, confecionado com os melhores ingredientes. Para que tenha \u00e0 sua mesa um excelente prato tradicional, pleno de sabor.\" \/>\n<meta name=\"robots\" content=\"noindex, nofollow\" \/>\n<meta property=\"og:locale\" content=\"pt_PT\" \/>\n<meta property=\"og:type\" content=\"article\" \/>\n<meta property=\"og:title\" content=\"Empad\u00e3o de Carne - \u00c9 bom, \u00e9 Pascoal.\" \/>\n<meta property=\"og:description\" content=\"Empad\u00e3o de Carne, com farinheira, confecionado com os melhores ingredientes. Para que tenha \u00e0 sua mesa um excelente prato tradicional, pleno de sabor.\" \/>\n<meta property=\"og:url\" content=\"http:\/\/pascoal.pt\/Psc\/produtos\/refeicoes-tradicionais-congeladas\/empadao-carne-familiar\/\" \/>\n<meta property=\"og:site_name\" content=\"Pascoal\" \/>\n<meta property=\"article:modified_time\" content=\"2019-11-12T09:27:46+00:00\" \/>\n<meta name=\"twitter:card\" content=\"summary_large_image\" \/>\n<script type=\"application\/ld+json\" class=\"yoast-schema-graph\">{\"@context\":\"https:\/\/schema.org\",\"@graph\":[{\"@type\":\"WebPage\",\"@id\":\"http:\/\/pascoal.pt\/Psc\/produtos\/refeicoes-tradicionais-congeladas\/empadao-carne-familiar\/\",\"url\":\"http:\/\/pascoal.pt\/Psc\/produtos\/refeicoes-tradicionais-congeladas\/empadao-carne-familiar\/\",\"name\":\"Empad\u00e3o de Carne - \u00c9 bom, \u00e9 Pascoal.\",\"isPartOf\":{\"@id\":\"http:\/\/pascoal.pt\/Psc\/#website\"},\"datePublished\":\"2019-11-07T09:03:25+00:00\",\"dateModified\":\"2019-11-12T09:27:46+00:00\",\"description\":\"Empad\u00e3o de Carne, com farinheira, confecionado com os melhores ingredientes. Para que tenha \u00e0 sua mesa um excelente prato tradicional, pleno de sabor.\",\"breadcrumb\":{\"@id\":\"http:\/\/pascoal.pt\/Psc\/produtos\/refeicoes-tradicionais-congeladas\/empadao-carne-familiar\/#breadcrumb\"},\"inLanguage\":\"pt-PT\",\"potentialAction\":[{\"@type\":\"ReadAction\",\"target\":[\"http:\/\/pascoal.pt\/Psc\/produtos\/refeicoes-tradicionais-congeladas\/empadao-carne-familiar\/\"]}]},{\"@type\":\"BreadcrumbList\",\"@id\":\"http:\/\/pascoal.pt\/Psc\/produtos\/refeicoes-tradicionais-congeladas\/empadao-carne-familiar\/#breadcrumb\",\"itemListElement\":[{\"@type\":\"ListItem\",\"position\":1,\"name\":\"In\u00edcio\",\"item\":\"http:\/\/pascoal.pt\/Psc\/\"},{\"@type\":\"ListItem\",\"position\":2,\"name\":\"Produtos\",\"item\":\"http:\/\/pascoal.pt\/Psc\/produtos\/\"},{\"@type\":\"ListItem\",\"position\":3,\"name\":\"Refei\u00e7\u00f5es\",\"item\":\"http:\/\/pascoal.pt\/Psc\/produtos\/refeicoes-tradicionais-congeladas\/\"},{\"@type\":\"ListItem\",\"position\":4,\"name\":\"Empad\u00e3o de Carne | Familiar\"}]},{\"@type\":\"WebSite\",\"@id\":\"http:\/\/pascoal.pt\/Psc\/#website\",\"url\":\"http:\/\/pascoal.pt\/Psc\/\",\"name\":\"Pascoal\",\"description\":\"Bacalhau \u00e9 Pascoal\",\"potentialAction\":[{\"@type\":\"SearchAction\",\"target\":{\"@type\":\"EntryPoint\",\"urlTemplate\":\"http:\/\/pascoal.pt\/Psc\/?s={search_term_string}\"},\"query-input\":\"required name=search_term_string\"}],\"inLanguage\":\"pt-PT\"}]}<\/script>\n<!-- \/ Yoast SEO plugin. -->","yoast_head_json":{"title":"Empad\u00e3o de Carne - \u00c9 bom, \u00e9 Pascoal.","description":"Empad\u00e3o de Carne, com farinheira, confecionado com os melhores ingredientes. Para que tenha \u00e0 sua mesa um excelente prato tradicional, pleno de sabor.","robots":{"index":"noindex","follow":"nofollow"},"og_locale":"pt_PT","og_type":"article","og_title":"Empad\u00e3o de Carne - \u00c9 bom, \u00e9 Pascoal.","og_description":"Empad\u00e3o de Carne, com farinheira, confecionado com os melhores ingredientes. Para que tenha \u00e0 sua mesa um excelente prato tradicional, pleno de sabor.","og_url":"http:\/\/pascoal.pt\/Psc\/produtos\/refeicoes-tradicionais-congeladas\/empadao-carne-familiar\/","og_site_name":"Pascoal","article_modified_time":"2019-11-12T09:27:46+00:00","twitter_card":"summary_large_image","schema":{"@context":"https:\/\/schema.org","@graph":[{"@type":"WebPage","@id":"http:\/\/pascoal.pt\/Psc\/produtos\/refeicoes-tradicionais-congeladas\/empadao-carne-familiar\/","url":"http:\/\/pascoal.pt\/Psc\/produtos\/refeicoes-tradicionais-congeladas\/empadao-carne-familiar\/","name":"Empad\u00e3o de Carne - \u00c9 bom, \u00e9 Pascoal.","isPartOf":{"@id":"http:\/\/pascoal.pt\/Psc\/#website"},"datePublished":"2019-11-07T09:03:25+00:00","dateModified":"2019-11-12T09:27:46+00:00","description":"Empad\u00e3o de Carne, com farinheira, confecionado com os melhores ingredientes. Para que tenha \u00e0 sua mesa um excelente prato tradicional, pleno de sabor.","breadcrumb":{"@id":"http:\/\/pascoal.pt\/Psc\/produtos\/refeicoes-tradicionais-congeladas\/empadao-carne-familiar\/#breadcrumb"},"inLanguage":"pt-PT","potentialAction":[{"@type":"ReadAction","target":["http:\/\/pascoal.pt\/Psc\/produtos\/refeicoes-tradicionais-congeladas\/empadao-carne-familiar\/"]}]},{"@type":"BreadcrumbList","@id":"http:\/\/pascoal.pt\/Psc\/produtos\/refeicoes-tradicionais-congeladas\/empadao-carne-familiar\/#breadcrumb","itemListElement":[{"@type":"ListItem","position":1,"name":"In\u00edcio","item":"http:\/\/pascoal.pt\/Psc\/"},{"@type":"ListItem","position":2,"name":"Produtos","item":"http:\/\/pascoal.pt\/Psc\/produtos\/"},{"@type":"ListItem","position":3,"name":"Refei\u00e7\u00f5es","item":"http:\/\/pascoal.pt\/Psc\/produtos\/refeicoes-tradicionais-congeladas\/"},{"@type":"ListItem","position":4,"name":"Empad\u00e3o de Carne | Familiar"}]},{"@type":"WebSite","@id":"http:\/\/pascoal.pt\/Psc\/#website","url":"http:\/\/pascoal.pt\/Psc\/","name":"Pascoal","description":"Bacalhau \u00e9 Pascoal","potentialAction":[{"@type":"SearchAction","target":{"@type":"EntryPoint","urlTemplate":"http:\/\/pascoal.pt\/Psc\/?s={search_term_string}"},"query-input":"required name=search_term_string"}],"inLanguage":"pt-PT"}]}},"_links":{"self":[{"href":"http:\/\/pascoal.pt\/Psc\/wp-json\/wp\/v2\/pages\/1915"}],"collection":[{"href":"http:\/\/pascoal.pt\/Psc\/wp-json\/wp\/v2\/pages"}],"about":[{"href":"http:\/\/pascoal.pt\/Psc\/wp-json\/wp\/v2\/types\/page"}],"author":[{"embeddable":true,"href":"http:\/\/pascoal.pt\/Psc\/wp-json\/wp\/v2\/users\/1"}],"replies":[{"embeddable":true,"href":"http:\/\/pascoal.pt\/Psc\/wp-json\/wp\/v2\/comments?post=1915"}],"version-history":[{"count":2,"href":"http:\/\/pascoal.pt\/Psc\/wp-json\/wp\/v2\/pages\/1915\/revisions"}],"predecessor-version":[{"id":1920,"href":"http:\/\/pascoal.pt\/Psc\/wp-json\/wp\/v2\/pages\/1915\/revisions\/1920"}],"up":[{"embeddable":true,"href":"http:\/\/pascoal.pt\/Psc\/wp-json\/wp\/v2\/pages\/697"}],"wp:attachment":[{"href":"http:\/\/pascoal.pt\/Psc\/wp-json\/wp\/v2\/media?parent=1915"}],"curies":[{"name":"wp","href":"https:\/\/api.w.org\/{rel}","templated":true}]}}