{"id":1107,"date":"2018-10-23T08:11:15","date_gmt":"2018-10-23T08:11:15","guid":{"rendered":"http:\/\/pascoal.pt\/Psc\/?page_id=1107"},"modified":"2018-11-26T08:55:03","modified_gmt":"2018-11-26T08:55:03","slug":"tarte-de-chocolate-fondant","status":"publish","type":"page","link":"http:\/\/pascoal.pt\/Psc\/produtos\/sobremesas\/tarte-de-chocolate-fondant\/","title":{"rendered":"Tarte de Chocolate Fondant"},"content":{"rendered":"","protected":false},"excerpt":{"rendered":"","protected":false},"author":1,"featured_media":0,"parent":785,"menu_order":0,"comment_status":"closed","ping_status":"closed","template":"","meta":{"_monsterinsights_skip_tracking":false,"_monsterinsights_sitenote_active":false,"_monsterinsights_sitenote_note":"","_monsterinsights_sitenote_category":0},"yoast_head":"<!-- This site is optimized with the Yoast SEO plugin v20.9 - https:\/\/yoast.com\/wordpress\/plugins\/seo\/ -->\n<title>Tarte de Chocolate Fondant - \u00c9 bom, \u00e9 Pascoal.<\/title>\n<meta name=\"description\" content=\"A Tarte de Chocolate Fondant Pascoal \u00e9 uma deliciosa sobremesa com cora\u00e7\u00e3o de chocolate cremoso, ideal para finalizar a sua refei\u00e7\u00e3o da melhor forma.\" \/>\n<meta name=\"robots\" content=\"noindex, nofollow\" \/>\n<meta property=\"og:locale\" content=\"pt_PT\" \/>\n<meta property=\"og:type\" content=\"article\" \/>\n<meta property=\"og:title\" content=\"Tarte de Chocolate Fondant - \u00c9 bom, \u00e9 Pascoal.\" \/>\n<meta property=\"og:description\" content=\"A Tarte de Chocolate Fondant Pascoal \u00e9 uma deliciosa sobremesa com cora\u00e7\u00e3o de chocolate cremoso, ideal para finalizar a sua refei\u00e7\u00e3o da melhor forma.\" \/>\n<meta property=\"og:url\" content=\"http:\/\/pascoal.pt\/Psc\/produtos\/sobremesas\/tarte-de-chocolate-fondant\/\" \/>\n<meta property=\"og:site_name\" content=\"Pascoal\" \/>\n<meta property=\"article:modified_time\" content=\"2018-11-26T08:55:03+00:00\" \/>\n<meta name=\"twitter:card\" content=\"summary_large_image\" \/>\n<script type=\"application\/ld+json\" class=\"yoast-schema-graph\">{\"@context\":\"https:\/\/schema.org\",\"@graph\":[{\"@type\":\"WebPage\",\"@id\":\"http:\/\/pascoal.pt\/Psc\/produtos\/sobremesas\/tarte-de-chocolate-fondant\/\",\"url\":\"http:\/\/pascoal.pt\/Psc\/produtos\/sobremesas\/tarte-de-chocolate-fondant\/\",\"name\":\"Tarte de Chocolate Fondant - \u00c9 bom, \u00e9 Pascoal.\",\"isPartOf\":{\"@id\":\"http:\/\/pascoal.pt\/Psc\/#website\"},\"datePublished\":\"2018-10-23T08:11:15+00:00\",\"dateModified\":\"2018-11-26T08:55:03+00:00\",\"description\":\"A Tarte de Chocolate Fondant Pascoal \u00e9 uma deliciosa sobremesa com cora\u00e7\u00e3o de chocolate cremoso, ideal para finalizar a sua refei\u00e7\u00e3o da melhor forma.\",\"breadcrumb\":{\"@id\":\"http:\/\/pascoal.pt\/Psc\/produtos\/sobremesas\/tarte-de-chocolate-fondant\/#breadcrumb\"},\"inLanguage\":\"pt-PT\",\"potentialAction\":[{\"@type\":\"ReadAction\",\"target\":[\"http:\/\/pascoal.pt\/Psc\/produtos\/sobremesas\/tarte-de-chocolate-fondant\/\"]}]},{\"@type\":\"BreadcrumbList\",\"@id\":\"http:\/\/pascoal.pt\/Psc\/produtos\/sobremesas\/tarte-de-chocolate-fondant\/#breadcrumb\",\"itemListElement\":[{\"@type\":\"ListItem\",\"position\":1,\"name\":\"In\u00edcio\",\"item\":\"http:\/\/pascoal.pt\/Psc\/\"},{\"@type\":\"ListItem\",\"position\":2,\"name\":\"Produtos\",\"item\":\"http:\/\/pascoal.pt\/Psc\/produtos\/\"},{\"@type\":\"ListItem\",\"position\":3,\"name\":\"Sobremesas\",\"item\":\"http:\/\/pascoal.pt\/Psc\/produtos\/sobremesas\/\"},{\"@type\":\"ListItem\",\"position\":4,\"name\":\"Tarte de Chocolate Fondant\"}]},{\"@type\":\"WebSite\",\"@id\":\"http:\/\/pascoal.pt\/Psc\/#website\",\"url\":\"http:\/\/pascoal.pt\/Psc\/\",\"name\":\"Pascoal\",\"description\":\"Bacalhau \u00e9 Pascoal\",\"potentialAction\":[{\"@type\":\"SearchAction\",\"target\":{\"@type\":\"EntryPoint\",\"urlTemplate\":\"http:\/\/pascoal.pt\/Psc\/?s={search_term_string}\"},\"query-input\":\"required name=search_term_string\"}],\"inLanguage\":\"pt-PT\"}]}<\/script>\n<!-- \/ Yoast SEO plugin. -->","yoast_head_json":{"title":"Tarte de Chocolate Fondant - \u00c9 bom, \u00e9 Pascoal.","description":"A Tarte de Chocolate Fondant Pascoal \u00e9 uma deliciosa sobremesa com cora\u00e7\u00e3o de chocolate cremoso, ideal para finalizar a sua refei\u00e7\u00e3o da melhor forma.","robots":{"index":"noindex","follow":"nofollow"},"og_locale":"pt_PT","og_type":"article","og_title":"Tarte de Chocolate Fondant - \u00c9 bom, \u00e9 Pascoal.","og_description":"A Tarte de Chocolate Fondant Pascoal \u00e9 uma deliciosa sobremesa com cora\u00e7\u00e3o de chocolate cremoso, ideal para finalizar a sua refei\u00e7\u00e3o da melhor forma.","og_url":"http:\/\/pascoal.pt\/Psc\/produtos\/sobremesas\/tarte-de-chocolate-fondant\/","og_site_name":"Pascoal","article_modified_time":"2018-11-26T08:55:03+00:00","twitter_card":"summary_large_image","schema":{"@context":"https:\/\/schema.org","@graph":[{"@type":"WebPage","@id":"http:\/\/pascoal.pt\/Psc\/produtos\/sobremesas\/tarte-de-chocolate-fondant\/","url":"http:\/\/pascoal.pt\/Psc\/produtos\/sobremesas\/tarte-de-chocolate-fondant\/","name":"Tarte de Chocolate Fondant - \u00c9 bom, \u00e9 Pascoal.","isPartOf":{"@id":"http:\/\/pascoal.pt\/Psc\/#website"},"datePublished":"2018-10-23T08:11:15+00:00","dateModified":"2018-11-26T08:55:03+00:00","description":"A Tarte de Chocolate Fondant Pascoal \u00e9 uma deliciosa sobremesa com cora\u00e7\u00e3o de chocolate cremoso, ideal para finalizar a sua refei\u00e7\u00e3o da melhor forma.","breadcrumb":{"@id":"http:\/\/pascoal.pt\/Psc\/produtos\/sobremesas\/tarte-de-chocolate-fondant\/#breadcrumb"},"inLanguage":"pt-PT","potentialAction":[{"@type":"ReadAction","target":["http:\/\/pascoal.pt\/Psc\/produtos\/sobremesas\/tarte-de-chocolate-fondant\/"]}]},{"@type":"BreadcrumbList","@id":"http:\/\/pascoal.pt\/Psc\/produtos\/sobremesas\/tarte-de-chocolate-fondant\/#breadcrumb","itemListElement":[{"@type":"ListItem","position":1,"name":"In\u00edcio","item":"http:\/\/pascoal.pt\/Psc\/"},{"@type":"ListItem","position":2,"name":"Produtos","item":"http:\/\/pascoal.pt\/Psc\/produtos\/"},{"@type":"ListItem","position":3,"name":"Sobremesas","item":"http:\/\/pascoal.pt\/Psc\/produtos\/sobremesas\/"},{"@type":"ListItem","position":4,"name":"Tarte de Chocolate Fondant"}]},{"@type":"WebSite","@id":"http:\/\/pascoal.pt\/Psc\/#website","url":"http:\/\/pascoal.pt\/Psc\/","name":"Pascoal","description":"Bacalhau \u00e9 Pascoal","potentialAction":[{"@type":"SearchAction","target":{"@type":"EntryPoint","urlTemplate":"http:\/\/pascoal.pt\/Psc\/?s={search_term_string}"},"query-input":"required name=search_term_string"}],"inLanguage":"pt-PT"}]}},"_links":{"self":[{"href":"http:\/\/pascoal.pt\/Psc\/wp-json\/wp\/v2\/pages\/1107"}],"collection":[{"href":"http:\/\/pascoal.pt\/Psc\/wp-json\/wp\/v2\/pages"}],"about":[{"href":"http:\/\/pascoal.pt\/Psc\/wp-json\/wp\/v2\/types\/page"}],"author":[{"embeddable":true,"href":"http:\/\/pascoal.pt\/Psc\/wp-json\/wp\/v2\/users\/1"}],"replies":[{"embeddable":true,"href":"http:\/\/pascoal.pt\/Psc\/wp-json\/wp\/v2\/comments?post=1107"}],"version-history":[{"count":1,"href":"http:\/\/pascoal.pt\/Psc\/wp-json\/wp\/v2\/pages\/1107\/revisions"}],"predecessor-version":[{"id":1110,"href":"http:\/\/pascoal.pt\/Psc\/wp-json\/wp\/v2\/pages\/1107\/revisions\/1110"}],"up":[{"embeddable":true,"href":"http:\/\/pascoal.pt\/Psc\/wp-json\/wp\/v2\/pages\/785"}],"wp:attachment":[{"href":"http:\/\/pascoal.pt\/Psc\/wp-json\/wp\/v2\/media?parent=1107"}],"curies":[{"name":"wp","href":"https:\/\/api.w.org\/{rel}","templated":true}]}}