{"id":1029,"date":"2018-07-26T08:26:38","date_gmt":"2018-07-26T08:26:38","guid":{"rendered":"http:\/\/pascoal.pt\/Psc\/?page_id=1029"},"modified":"2022-03-14T12:00:08","modified_gmt":"2022-03-14T12:00:08","slug":"bacalhau-desfiado-1kg","status":"publish","type":"page","link":"http:\/\/pascoal.pt\/Psc\/bacalhau-salgado-seco\/bacalhau-desfiado-1kg\/","title":{"rendered":"Bacalhau Desfiado 1kg"},"content":{"rendered":"","protected":false},"excerpt":{"rendered":"","protected":false},"author":1,"featured_media":0,"parent":572,"menu_order":0,"comment_status":"closed","ping_status":"closed","template":"","meta":{"_monsterinsights_skip_tracking":false,"_monsterinsights_sitenote_active":false,"_monsterinsights_sitenote_note":"","_monsterinsights_sitenote_category":0},"yoast_head":"<!-- This site is optimized with the Yoast SEO plugin v20.9 - https:\/\/yoast.com\/wordpress\/plugins\/seo\/ -->\n<title>Bacalhau Salgado Seco Desfiado - Bacalhau \u00e9 Pascoal<\/title>\n<meta name=\"description\" content=\"O Bacalhau Salgado Seco Pascoal \u00e9 produzido com o melhor bacalhau, seguindo as t\u00e9cnicas tradicionais, para levar at\u00e9 \u00e0 sua mesa todo o sabor.\" \/>\n<meta name=\"robots\" content=\"noindex, nofollow\" \/>\n<meta property=\"og:locale\" content=\"pt_PT\" \/>\n<meta property=\"og:type\" content=\"article\" \/>\n<meta property=\"og:title\" content=\"Bacalhau Salgado Seco Desfiado - Bacalhau \u00e9 Pascoal\" \/>\n<meta property=\"og:description\" content=\"O Bacalhau Salgado Seco Pascoal \u00e9 produzido com o melhor bacalhau, seguindo as t\u00e9cnicas tradicionais, para levar at\u00e9 \u00e0 sua mesa todo o sabor.\" \/>\n<meta property=\"og:url\" content=\"http:\/\/pascoal.pt\/Psc\/bacalhau-salgado-seco\/bacalhau-desfiado-1kg\/\" \/>\n<meta property=\"og:site_name\" content=\"Pascoal\" \/>\n<meta property=\"article:modified_time\" content=\"2022-03-14T12:00:08+00:00\" \/>\n<meta name=\"twitter:card\" content=\"summary_large_image\" \/>\n<script type=\"application\/ld+json\" class=\"yoast-schema-graph\">{\"@context\":\"https:\/\/schema.org\",\"@graph\":[{\"@type\":\"WebPage\",\"@id\":\"http:\/\/pascoal.pt\/Psc\/bacalhau-salgado-seco\/bacalhau-desfiado-1kg\/\",\"url\":\"http:\/\/pascoal.pt\/Psc\/bacalhau-salgado-seco\/bacalhau-desfiado-1kg\/\",\"name\":\"Bacalhau Salgado Seco Desfiado - Bacalhau \u00e9 Pascoal\",\"isPartOf\":{\"@id\":\"https:\/\/pascoal.pt\/Psc\/?lang=en\/#website\"},\"datePublished\":\"2018-07-26T08:26:38+00:00\",\"dateModified\":\"2022-03-14T12:00:08+00:00\",\"description\":\"O Bacalhau Salgado Seco Pascoal \u00e9 produzido com o melhor bacalhau, seguindo as t\u00e9cnicas tradicionais, para levar at\u00e9 \u00e0 sua mesa todo o sabor.\",\"breadcrumb\":{\"@id\":\"http:\/\/pascoal.pt\/Psc\/bacalhau-salgado-seco\/bacalhau-desfiado-1kg\/#breadcrumb\"},\"inLanguage\":\"pt-PT\",\"potentialAction\":[{\"@type\":\"ReadAction\",\"target\":[\"http:\/\/pascoal.pt\/Psc\/bacalhau-salgado-seco\/bacalhau-desfiado-1kg\/\"]}]},{\"@type\":\"BreadcrumbList\",\"@id\":\"http:\/\/pascoal.pt\/Psc\/bacalhau-salgado-seco\/bacalhau-desfiado-1kg\/#breadcrumb\",\"itemListElement\":[{\"@type\":\"ListItem\",\"position\":1,\"name\":\"In\u00edcio\",\"item\":\"https:\/\/pascoal.pt\/Psc\/\"},{\"@type\":\"ListItem\",\"position\":2,\"name\":\"Bacalhau Salgado Seco\",\"item\":\"https:\/\/pascoal.pt\/Psc\/bacalhau-salgado-seco\/\"},{\"@type\":\"ListItem\",\"position\":3,\"name\":\"Bacalhau Desfiado 1kg\"}]},{\"@type\":\"WebSite\",\"@id\":\"https:\/\/pascoal.pt\/Psc\/?lang=en\/#website\",\"url\":\"https:\/\/pascoal.pt\/Psc\/?lang=en\/\",\"name\":\"Pascoal\",\"description\":\"Bacalhau \u00e9 Pascoal\",\"potentialAction\":[{\"@type\":\"SearchAction\",\"target\":{\"@type\":\"EntryPoint\",\"urlTemplate\":\"https:\/\/pascoal.pt\/Psc\/?lang=en\/?s={search_term_string}\"},\"query-input\":\"required name=search_term_string\"}],\"inLanguage\":\"pt-PT\"}]}<\/script>\n<!-- \/ Yoast SEO plugin. -->","yoast_head_json":{"title":"Bacalhau Salgado Seco Desfiado - Bacalhau \u00e9 Pascoal","description":"O Bacalhau Salgado Seco Pascoal \u00e9 produzido com o melhor bacalhau, seguindo as t\u00e9cnicas tradicionais, para levar at\u00e9 \u00e0 sua mesa todo o sabor.","robots":{"index":"noindex","follow":"nofollow"},"og_locale":"pt_PT","og_type":"article","og_title":"Bacalhau Salgado Seco Desfiado - Bacalhau \u00e9 Pascoal","og_description":"O Bacalhau Salgado Seco Pascoal \u00e9 produzido com o melhor bacalhau, seguindo as t\u00e9cnicas tradicionais, para levar at\u00e9 \u00e0 sua mesa todo o sabor.","og_url":"http:\/\/pascoal.pt\/Psc\/bacalhau-salgado-seco\/bacalhau-desfiado-1kg\/","og_site_name":"Pascoal","article_modified_time":"2022-03-14T12:00:08+00:00","twitter_card":"summary_large_image","schema":{"@context":"https:\/\/schema.org","@graph":[{"@type":"WebPage","@id":"http:\/\/pascoal.pt\/Psc\/bacalhau-salgado-seco\/bacalhau-desfiado-1kg\/","url":"http:\/\/pascoal.pt\/Psc\/bacalhau-salgado-seco\/bacalhau-desfiado-1kg\/","name":"Bacalhau Salgado Seco Desfiado - Bacalhau \u00e9 Pascoal","isPartOf":{"@id":"https:\/\/pascoal.pt\/Psc\/?lang=en\/#website"},"datePublished":"2018-07-26T08:26:38+00:00","dateModified":"2022-03-14T12:00:08+00:00","description":"O Bacalhau Salgado Seco Pascoal \u00e9 produzido com o melhor bacalhau, seguindo as t\u00e9cnicas tradicionais, para levar at\u00e9 \u00e0 sua mesa todo o sabor.","breadcrumb":{"@id":"http:\/\/pascoal.pt\/Psc\/bacalhau-salgado-seco\/bacalhau-desfiado-1kg\/#breadcrumb"},"inLanguage":"pt-PT","potentialAction":[{"@type":"ReadAction","target":["http:\/\/pascoal.pt\/Psc\/bacalhau-salgado-seco\/bacalhau-desfiado-1kg\/"]}]},{"@type":"BreadcrumbList","@id":"http:\/\/pascoal.pt\/Psc\/bacalhau-salgado-seco\/bacalhau-desfiado-1kg\/#breadcrumb","itemListElement":[{"@type":"ListItem","position":1,"name":"In\u00edcio","item":"https:\/\/pascoal.pt\/Psc\/"},{"@type":"ListItem","position":2,"name":"Bacalhau Salgado Seco","item":"https:\/\/pascoal.pt\/Psc\/bacalhau-salgado-seco\/"},{"@type":"ListItem","position":3,"name":"Bacalhau Desfiado 1kg"}]},{"@type":"WebSite","@id":"https:\/\/pascoal.pt\/Psc\/?lang=en\/#website","url":"https:\/\/pascoal.pt\/Psc\/?lang=en\/","name":"Pascoal","description":"Bacalhau \u00e9 Pascoal","potentialAction":[{"@type":"SearchAction","target":{"@type":"EntryPoint","urlTemplate":"https:\/\/pascoal.pt\/Psc\/?lang=en\/?s={search_term_string}"},"query-input":"required name=search_term_string"}],"inLanguage":"pt-PT"}]}},"_links":{"self":[{"href":"http:\/\/pascoal.pt\/Psc\/wp-json\/wp\/v2\/pages\/1029"}],"collection":[{"href":"http:\/\/pascoal.pt\/Psc\/wp-json\/wp\/v2\/pages"}],"about":[{"href":"http:\/\/pascoal.pt\/Psc\/wp-json\/wp\/v2\/types\/page"}],"author":[{"embeddable":true,"href":"http:\/\/pascoal.pt\/Psc\/wp-json\/wp\/v2\/users\/1"}],"replies":[{"embeddable":true,"href":"http:\/\/pascoal.pt\/Psc\/wp-json\/wp\/v2\/comments?post=1029"}],"version-history":[{"count":1,"href":"http:\/\/pascoal.pt\/Psc\/wp-json\/wp\/v2\/pages\/1029\/revisions"}],"predecessor-version":[{"id":1032,"href":"http:\/\/pascoal.pt\/Psc\/wp-json\/wp\/v2\/pages\/1029\/revisions\/1032"}],"up":[{"embeddable":true,"href":"http:\/\/pascoal.pt\/Psc\/wp-json\/wp\/v2\/pages\/572"}],"wp:attachment":[{"href":"http:\/\/pascoal.pt\/Psc\/wp-json\/wp\/v2\/media?parent=1029"}],"curies":[{"name":"wp","href":"https:\/\/api.w.org\/{rel}","templated":true}]}}